{"id":9,"date":"2017-05-10T06:55:14","date_gmt":"2017-05-10T06:55:14","guid":{"rendered":"http:\/\/altisk-versend.sulinet.hu\/weboldal\/?page_id=9"},"modified":"2025-09-16T09:06:57","modified_gmt":"2025-09-16T07:06:57","slug":"dokumentumok","status":"publish","type":"page","link":"http:\/\/altisk-versend.edu.hu\/weboldal\/?page_id=9","title":{"rendered":"Dokumentumok"},"content":{"rendered":"\n<div class=\"wp-block-file\"><a id=\"wp-block-file--media-0095a279-f56c-4bb0-83fe-ee066029f4da\" href=\"http:\/\/altisk-versend.edu.hu\/weboldal\/wp-content\/uploads\/2025\/09\/PEDAGOGIAI-PR.-2025.pdf\">Pedag\u00f3giai Program 2025.<\/a><a href=\"http:\/\/altisk-versend.edu.hu\/weboldal\/wp-content\/uploads\/2025\/09\/PEDAGOGIAI-PR.-2025.pdf\" class=\"wp-block-file__button wp-element-button\" download aria-describedby=\"wp-block-file--media-0095a279-f56c-4bb0-83fe-ee066029f4da\">Let\u00f6lt\u00e9s<\/a><\/div>\n\n\n\n<div class=\"wp-block-file\"><a id=\"wp-block-file--media-4153cb9c-5335-4a00-a6b4-afcea330ad0a\" href=\"http:\/\/altisk-versend.edu.hu\/weboldal\/wp-content\/uploads\/2024\/11\/Versendi-Alt.-Isk._Munkaterv_2024_2025-1.pdf\">Munkaterv_2024-2025<\/a><a href=\"http:\/\/altisk-versend.edu.hu\/weboldal\/wp-content\/uploads\/2024\/11\/Versendi-Alt.-Isk._Munkaterv_2024_2025-1.pdf\" class=\"wp-block-file__button wp-element-button\" download aria-describedby=\"wp-block-file--media-4153cb9c-5335-4a00-a6b4-afcea330ad0a\">Let\u00f6lt\u00e9s<\/a><\/div>\n\n\n\n<div class=\"wp-block-file\"><a id=\"wp-block-file--media-836bf87f-e218-45a2-a8e3-a39e60fe0d1b\" href=\"http:\/\/altisk-versend.edu.hu\/weboldal\/wp-content\/uploads\/2024\/09\/HAZIREND-2024.pdf\">H\u00c1ZIREND 2024.<\/a><a href=\"http:\/\/altisk-versend.edu.hu\/weboldal\/wp-content\/uploads\/2024\/09\/HAZIREND-2024.pdf\" class=\"wp-block-file__button wp-element-button\" download aria-describedby=\"wp-block-file--media-836bf87f-e218-45a2-a8e3-a39e60fe0d1b\">Let\u00f6lt\u00e9s<\/a><\/div>\n\n\n\n<div class=\"wp-block-file\"><a id=\"wp-block-file--media-6bb4a6c1-a820-4c97-bc7f-d84f83870daf\" href=\"http:\/\/altisk-versend.edu.hu\/weboldal\/wp-content\/uploads\/2021\/04\/PALYAZAT-Pal-Otto_final.pdf\">Int\u00e9zm\u00e9nyvezet\u0151i p\u00e1ly\u00e1zat<\/a><a href=\"http:\/\/altisk-versend.edu.hu\/weboldal\/wp-content\/uploads\/2021\/04\/PALYAZAT-Pal-Otto_final.pdf\" class=\"wp-block-file__button wp-element-button\" download aria-describedby=\"wp-block-file--media-6bb4a6c1-a820-4c97-bc7f-d84f83870daf\">Let\u00f6lt\u00e9s<\/a><\/div>\n\n\n\n<div class=\"wp-block-file aligncenter\"><a id=\"wp-block-file--media-2f76ff94-564c-4a9a-84ae-bbb11a91a28e\" href=\"http:\/\/altisk-versend.edu.hu\/weboldal\/wp-content\/uploads\/2019\/01\/SZMSZ-2017.pdf\">Szervezeti \u00e9s M\u0171k\u00f6d\u00e9si Szab\u00e1lyzat<\/a><a href=\"http:\/\/altisk-versend.edu.hu\/weboldal\/wp-content\/uploads\/2019\/01\/SZMSZ-2017.pdf\" class=\"wp-block-file__button wp-element-button\" download aria-describedby=\"wp-block-file--media-2f76ff94-564c-4a9a-84ae-bbb11a91a28e\">Let\u00f6lt\u00e9s<\/a><\/div>\n\n\n\n<div class=\"wp-block-file aligncenter\"><a id=\"wp-block-file--media-6be13dcf-d012-4f97-8190-24c12ce3f829\" href=\"http:\/\/altisk-versend.edu.hu\/weboldal\/wp-content\/uploads\/2019\/01\/H\u00c1ZIREND-KIVONAT.pdf\">H\u00e1zirend kivonat a tanul\u00f3ink sz\u00e1m\u00e1ra<\/a><a href=\"http:\/\/altisk-versend.edu.hu\/weboldal\/wp-content\/uploads\/2019\/01\/H\u00c1ZIREND-KIVONAT.pdf\" class=\"wp-block-file__button wp-element-button\" download aria-describedby=\"wp-block-file--media-6be13dcf-d012-4f97-8190-24c12ce3f829\">Let\u00f6lt\u00e9s<\/a><\/div>\n","protected":false},"excerpt":{"rendered":"","protected":false},"author":1,"featured_media":0,"parent":0,"menu_order":0,"comment_status":"closed","ping_status":"closed","template":"","meta":{"ngg_post_thumbnail":0},"_links":{"self":[{"href":"http:\/\/altisk-versend.edu.hu\/weboldal\/index.php?rest_route=\/wp\/v2\/pages\/9"}],"collection":[{"href":"http:\/\/altisk-versend.edu.hu\/weboldal\/index.php?rest_route=\/wp\/v2\/pages"}],"about":[{"href":"http:\/\/altisk-versend.edu.hu\/weboldal\/index.php?rest_route=\/wp\/v2\/types\/page"}],"author":[{"embeddable":true,"href":"http:\/\/altisk-versend.edu.hu\/weboldal\/index.php?rest_route=\/wp\/v2\/users\/1"}],"replies":[{"embeddable":true,"href":"http:\/\/altisk-versend.edu.hu\/weboldal\/index.php?rest_route=%2Fwp%2Fv2%2Fcomments&post=9"}],"version-history":[{"count":25,"href":"http:\/\/altisk-versend.edu.hu\/weboldal\/index.php?rest_route=\/wp\/v2\/pages\/9\/revisions"}],"predecessor-version":[{"id":7016,"href":"http:\/\/altisk-versend.edu.hu\/weboldal\/index.php?rest_route=\/wp\/v2\/pages\/9\/revisions\/7016"}],"wp:attachment":[{"href":"http:\/\/altisk-versend.edu.hu\/weboldal\/index.php?rest_route=%2Fwp%2Fv2%2Fmedia&parent=9"}],"curies":[{"name":"wp","href":"https:\/\/api.w.org\/{rel}","templated":true}]}}