{"id":7020,"date":"2025-09-24T09:06:30","date_gmt":"2025-09-24T07:06:30","guid":{"rendered":"http:\/\/altisk-versend.edu.hu\/weboldal\/?page_id=7020"},"modified":"2025-10-21T10:14:09","modified_gmt":"2025-10-21T08:14:09","slug":"2025-26-os-tanev","status":"publish","type":"page","link":"http:\/\/altisk-versend.edu.hu\/weboldal\/?page_id=7020","title":{"rendered":"2025\/26-os tan\u00e9v"},"content":{"rendered":"\n<div class=\"ngg-albumoverview\">\n            <div class=\"ngg-album-compact\">\n            <div class=\"ngg-album-compactbox\">\n                <div class=\"ngg-album-link\">\n                                        <a title='\u00c9vnyit\u00f3 '\n                       href='http:\/\/altisk-versend.edu.hu\/weboldal\/index.php\/nggallery\/2025-26-os-tanev\/evnyito?page_id=7020'>\n                        <img class=\"Thumb\"\n                             alt=\"\u00c9vnyit\u00f3 \"\n                             src=\"http:\/\/altisk-versend.edu.hu\/weboldal\/wp-content\/gallery\/evnyito\/cache\/inbound8866329738126219981.jpg-nggid045389-ngg0dyn-240x160x100-00f0w010c011r110f110r010t010.jpg\"\/>\n                    <\/a>\n                                    <\/div>\n            <\/div>\n                        <h4>\n                <a class='ngg-album-desc' title='\u00c9vnyit\u00f3 '\n                       href='http:\/\/altisk-versend.edu.hu\/weboldal\/index.php\/nggallery\/2025-26-os-tanev\/evnyito?page_id=7020'style=\"max-width: 260px\">\u00c9vnyit\u00f3 <\/a>\n            <\/h4>\n            <p class=\"ngg-album-gallery-image-counter\">\n                                    <strong>9<\/strong>&nbsp;F\u00e9nyk\u00e9p                            <\/p>\n        <\/div>\n            <div class=\"ngg-album-compact\">\n            <div class=\"ngg-album-compactbox\">\n                <div class=\"ngg-album-link\">\n                                        <a title='Els\u0151 nap az iskol\u00e1ban '\n                       href='http:\/\/altisk-versend.edu.hu\/weboldal\/index.php\/nggallery\/2025-26-os-tanev\/elso-nap-az-iskolaban-3?page_id=7020'>\n                        <img class=\"Thumb\"\n                             alt=\"Els\u0151 nap az iskol\u00e1ban \"\n                             src=\"http:\/\/altisk-versend.edu.hu\/weboldal\/wp-content\/gallery\/elso-nap-az-iskolaban-2\/cache\/IMG_20250901_081426.jpg-nggid045069-ngg0dyn-240x160x100-00f0w010c011r110f110r010t010.jpg\"\/>\n                    <\/a>\n                                    <\/div>\n            <\/div>\n                        <h4>\n                <a class='ngg-album-desc' title='Els\u0151 nap az iskol\u00e1ban '\n                       href='http:\/\/altisk-versend.edu.hu\/weboldal\/index.php\/nggallery\/2025-26-os-tanev\/elso-nap-az-iskolaban-3?page_id=7020'style=\"max-width: 260px\">Els\u0151 nap az iskol\u00e1ban <\/a>\n            <\/h4>\n            <p class=\"ngg-album-gallery-image-counter\">\n                                    <strong>86<\/strong>&nbsp;F\u00e9nyk\u00e9p                            <\/p>\n        <\/div>\n            <div class=\"ngg-album-compact\">\n            <div class=\"ngg-album-compactbox\">\n                <div class=\"ngg-album-link\">\n                                        <a title='Vil\u00e1g Legnagyobb Tan\u00f3r\u00e1ja '\n                       href='http:\/\/altisk-versend.edu.hu\/weboldal\/index.php\/nggallery\/2025-26-os-tanev\/vilag-legnagyobb-tanoraja?page_id=7020'>\n                        <img class=\"Thumb\"\n                             alt=\"Vil\u00e1g Legnagyobb Tan\u00f3r\u00e1ja \"\n                             src=\"http:\/\/altisk-versend.edu.hu\/weboldal\/wp-content\/gallery\/vilag-legnagyobb-tanoraja\/cache\/inbound2604577027903771318.jpg-nggid045155-ngg0dyn-240x160x100-00f0w010c011r110f110r010t010.jpg\"\/>\n                    <\/a>\n                                    <\/div>\n            <\/div>\n                        <h4>\n                <a class='ngg-album-desc' title='Vil\u00e1g Legnagyobb Tan\u00f3r\u00e1ja '\n                       href='http:\/\/altisk-versend.edu.hu\/weboldal\/index.php\/nggallery\/2025-26-os-tanev\/vilag-legnagyobb-tanoraja?page_id=7020'style=\"max-width: 260px\">Vil\u00e1g Legnagyobb Tan\u00f3r\u00e1ja <\/a>\n            <\/h4>\n            <p class=\"ngg-album-gallery-image-counter\">\n                                    <strong>77<\/strong>&nbsp;F\u00e9nyk\u00e9p                            <\/p>\n        <\/div>\n            <div class=\"ngg-album-compact\">\n            <div class=\"ngg-album-compactbox\">\n                <div class=\"ngg-album-link\">\n                                        <a title='Szelfifal'\n                       href='http:\/\/altisk-versend.edu.hu\/weboldal\/index.php\/nggallery\/2025-26-os-tanev\/szelfifal?page_id=7020'>\n                        <img class=\"Thumb\"\n                             alt=\"Szelfifal\"\n                             src=\"http:\/\/altisk-versend.edu.hu\/weboldal\/wp-content\/gallery\/szelfifal\/cache\/inbound7944875357075481967.jpg-nggid045238-ngg0dyn-240x160x100-00f0w010c011r110f110r010t010.jpg\"\/>\n                    <\/a>\n                                    <\/div>\n            <\/div>\n                        <h4>\n                <a class='ngg-album-desc' title='Szelfifal'\n                       href='http:\/\/altisk-versend.edu.hu\/weboldal\/index.php\/nggallery\/2025-26-os-tanev\/szelfifal?page_id=7020'style=\"max-width: 260px\">Szelfifal<\/a>\n            <\/h4>\n            <p class=\"ngg-album-gallery-image-counter\">\n                                    <strong>89<\/strong>&nbsp;F\u00e9nyk\u00e9p                            <\/p>\n        <\/div>\n            <div class=\"ngg-album-compact\">\n            <div class=\"ngg-album-compactbox\">\n                <div class=\"ngg-album-link\">\n                                        <a title='Eur\u00f3pa Diaksportnap'\n                       href='http:\/\/altisk-versend.edu.hu\/weboldal\/index.php\/nggallery\/2025-26-os-tanev\/europa-diaksportnap?page_id=7020'>\n                        <img class=\"Thumb\"\n                             alt=\"Eur\u00f3pa Diaksportnap\"\n                             src=\"http:\/\/altisk-versend.edu.hu\/weboldal\/wp-content\/gallery\/europa-diaksportnap\/cache\/inbound5708344064324956105.jpg-nggid045322-ngg0dyn-240x160x100-00f0w010c011r110f110r010t010.jpg\"\/>\n                    <\/a>\n                                    <\/div>\n            <\/div>\n                        <h4>\n                <a class='ngg-album-desc' title='Eur\u00f3pa Diaksportnap'\n                       href='http:\/\/altisk-versend.edu.hu\/weboldal\/index.php\/nggallery\/2025-26-os-tanev\/europa-diaksportnap?page_id=7020'style=\"max-width: 260px\">Eur\u00f3pa Diaksportnap<\/a>\n            <\/h4>\n            <p class=\"ngg-album-gallery-image-counter\">\n                                    <strong>66<\/strong>&nbsp;F\u00e9nyk\u00e9p                            <\/p>\n        <\/div>\n            <div class=\"ngg-album-compact\">\n            <div class=\"ngg-album-compactbox\">\n                <div class=\"ngg-album-link\">\n                                        <a title='P\u00e1lyav\u00e1laszt\u00e1si nap'\n                       href='http:\/\/altisk-versend.edu.hu\/weboldal\/index.php\/nggallery\/2025-26-os-tanev\/palyavalasztasi-nap?page_id=7020'>\n                        <img class=\"Thumb\"\n                             alt=\"P\u00e1lyav\u00e1laszt\u00e1si nap\"\n                             src=\"http:\/\/altisk-versend.edu.hu\/weboldal\/wp-content\/gallery\/palyavalasztasi-nap\/cache\/inbound1156480562030956192.jpg-nggid045397-ngg0dyn-240x160x100-00f0w010c011r110f110r010t010.jpg\"\/>\n                    <\/a>\n                                    <\/div>\n            <\/div>\n                        <h4>\n                <a class='ngg-album-desc' title='P\u00e1lyav\u00e1laszt\u00e1si nap'\n                       href='http:\/\/altisk-versend.edu.hu\/weboldal\/index.php\/nggallery\/2025-26-os-tanev\/palyavalasztasi-nap?page_id=7020'style=\"max-width: 260px\">P\u00e1lyav\u00e1laszt\u00e1si nap<\/a>\n            <\/h4>\n            <p class=\"ngg-album-gallery-image-counter\">\n                                    <strong>175<\/strong>&nbsp;F\u00e9nyk\u00e9p                            <\/p>\n        <\/div>\n            <div class=\"ngg-album-compact\">\n            <div class=\"ngg-album-compactbox\">\n                <div class=\"ngg-album-link\">\n                                        <a title='\u00c1llatok napja '\n                       href='http:\/\/altisk-versend.edu.hu\/weboldal\/index.php\/nggallery\/2025-26-os-tanev\/allatok-napja?page_id=7020'>\n                        <img class=\"Thumb\"\n                             alt=\"\u00c1llatok napja \"\n                             src=\"http:\/\/altisk-versend.edu.hu\/weboldal\/wp-content\/gallery\/allatok-napja\/cache\/inbound2205969533971780555.jpg-nggid045576-ngg0dyn-240x160x100-00f0w010c011r110f110r010t010.jpg\"\/>\n                    <\/a>\n                                    <\/div>\n            <\/div>\n                        <h4>\n                <a class='ngg-album-desc' title='\u00c1llatok napja '\n                       href='http:\/\/altisk-versend.edu.hu\/weboldal\/index.php\/nggallery\/2025-26-os-tanev\/allatok-napja?page_id=7020'style=\"max-width: 260px\">\u00c1llatok napja <\/a>\n            <\/h4>\n            <p class=\"ngg-album-gallery-image-counter\">\n                                    <strong>21<\/strong>&nbsp;F\u00e9nyk\u00e9p                            <\/p>\n        <\/div>\n            <div class=\"ngg-album-compact\">\n            <div class=\"ngg-album-compactbox\">\n                <div class=\"ngg-album-link\">\n                                        <a title='Karav\u00e1n Sz\u00ednh\u00e1zi T\u00e1rsulat '\n                       href='http:\/\/altisk-versend.edu.hu\/weboldal\/index.php\/nggallery\/2025-26-os-tanev\/karavan-szinhazi-tarsulat?page_id=7020'>\n                        <img class=\"Thumb\"\n                             alt=\"Karav\u00e1n Sz\u00ednh\u00e1zi T\u00e1rsulat \"\n                             src=\"http:\/\/altisk-versend.edu.hu\/weboldal\/wp-content\/gallery\/karavan-szinhazi-tarsulat\/cache\/inbound3024906192292534432.jpg-nggid045595-ngg0dyn-240x160x100-00f0w010c011r110f110r010t010.jpg\"\/>\n                    <\/a>\n                                    <\/div>\n            <\/div>\n                        <h4>\n                <a class='ngg-album-desc' title='Karav\u00e1n Sz\u00ednh\u00e1zi T\u00e1rsulat '\n                       href='http:\/\/altisk-versend.edu.hu\/weboldal\/index.php\/nggallery\/2025-26-os-tanev\/karavan-szinhazi-tarsulat?page_id=7020'style=\"max-width: 260px\">Karav\u00e1n Sz\u00ednh\u00e1zi T\u00e1rsulat <\/a>\n            <\/h4>\n            <p class=\"ngg-album-gallery-image-counter\">\n                                    <strong>127<\/strong>&nbsp;F\u00e9nyk\u00e9p                            <\/p>\n        <\/div>\n            <div class=\"ngg-album-compact\">\n            <div class=\"ngg-album-compactbox\">\n                <div class=\"ngg-album-link\">\n                                        <a title='Okt\u00f3ber 23'\n                       href='http:\/\/altisk-versend.edu.hu\/weboldal\/index.php\/nggallery\/2025-26-os-tanev\/oktober-23?page_id=7020'>\n                        <img class=\"Thumb\"\n                             alt=\"Okt\u00f3ber 23\"\n                             src=\"http:\/\/altisk-versend.edu.hu\/weboldal\/wp-content\/gallery\/oktober-23\/cache\/inbound6958684281865348536.jpg-nggid045725-ngg0dyn-240x160x100-00f0w010c011r110f110r010t010.jpg\"\/>\n                    <\/a>\n                                    <\/div>\n            <\/div>\n                        <h4>\n                <a class='ngg-album-desc' title='Okt\u00f3ber 23'\n                       href='http:\/\/altisk-versend.edu.hu\/weboldal\/index.php\/nggallery\/2025-26-os-tanev\/oktober-23?page_id=7020'style=\"max-width: 260px\">Okt\u00f3ber 23<\/a>\n            <\/h4>\n            <p class=\"ngg-album-gallery-image-counter\">\n                                    <strong>44<\/strong>&nbsp;F\u00e9nyk\u00e9p                            <\/p>\n        <\/div>\n            <div class=\"ngg-album-compact\">\n            <div class=\"ngg-album-compactbox\">\n                <div class=\"ngg-album-link\">\n                                        <a title='Halloweeni cukorkakeres\u00e9s'\n                       href='http:\/\/altisk-versend.edu.hu\/weboldal\/index.php\/nggallery\/2025-26-os-tanev\/halloweeni-cukorkakereses?page_id=7020'>\n                        <img class=\"Thumb\"\n                             alt=\"Halloweeni cukorkakeres\u00e9s\"\n                             src=\"http:\/\/altisk-versend.edu.hu\/weboldal\/wp-content\/gallery\/halloweeni-cukorkakereses\/cache\/inbound235401444975807330.jpg-nggid045764-ngg0dyn-240x160x100-00f0w010c011r110f110r010t010.jpg\"\/>\n                    <\/a>\n                                    <\/div>\n            <\/div>\n                        <h4>\n                <a class='ngg-album-desc' title='Halloweeni cukorkakeres\u00e9s'\n                       href='http:\/\/altisk-versend.edu.hu\/weboldal\/index.php\/nggallery\/2025-26-os-tanev\/halloweeni-cukorkakereses?page_id=7020'style=\"max-width: 260px\">Halloweeni cukorkakeres\u00e9s<\/a>\n            <\/h4>\n            <p class=\"ngg-album-gallery-image-counter\">\n                                    <strong>39<\/strong>&nbsp;F\u00e9nyk\u00e9p                            <\/p>\n        <\/div>\n            <div class=\"ngg-album-compact\">\n            <div class=\"ngg-album-compactbox\">\n                <div class=\"ngg-album-link\">\n                                        <a title='Inktober 2025'\n                       href='http:\/\/altisk-versend.edu.hu\/weboldal\/index.php\/nggallery\/2025-26-os-tanev\/inktober-2025?page_id=7020'>\n                        <img class=\"Thumb\"\n                             alt=\"Inktober 2025\"\n                             src=\"http:\/\/altisk-versend.edu.hu\/weboldal\/wp-content\/gallery\/inktober-2025\/cache\/inbound5891207599397146291.jpg-nggid045805-ngg0dyn-240x160x100-00f0w010c011r110f110r010t010.jpg\"\/>\n                    <\/a>\n                                    <\/div>\n            <\/div>\n                        <h4>\n                <a class='ngg-album-desc' title='Inktober 2025'\n                       href='http:\/\/altisk-versend.edu.hu\/weboldal\/index.php\/nggallery\/2025-26-os-tanev\/inktober-2025?page_id=7020'style=\"max-width: 260px\">Inktober 2025<\/a>\n            <\/h4>\n            <p class=\"ngg-album-gallery-image-counter\">\n                                    <strong>95<\/strong>&nbsp;F\u00e9nyk\u00e9p                            <\/p>\n        <\/div>\n            <div class=\"ngg-album-compact\">\n            <div class=\"ngg-album-compactbox\">\n                <div class=\"ngg-album-link\">\n                                        <a title='\u00dajabb k\u00f6nyvek \u263a\ufe0f'\n                       href='http:\/\/altisk-versend.edu.hu\/weboldal\/index.php\/nggallery\/2025-26-os-tanev\/ujabb-konyvek-%e2%98%ba%ef%b8%8f?page_id=7020'>\n                        <img class=\"Thumb\"\n                             alt=\"\u00dajabb k\u00f6nyvek \u263a\ufe0f\"\n                             src=\"http:\/\/altisk-versend.edu.hu\/weboldal\/wp-content\/gallery\/ujabb-konyvek-e298baefb88f\/cache\/inbound1021209539914217701.jpg-nggid045916-ngg0dyn-240x160x100-00f0w010c011r110f110r010t010.jpg\"\/>\n                    <\/a>\n                                    <\/div>\n            <\/div>\n                        <h4>\n                <a class='ngg-album-desc' title='\u00dajabb k\u00f6nyvek \u263a\ufe0f'\n                       href='http:\/\/altisk-versend.edu.hu\/weboldal\/index.php\/nggallery\/2025-26-os-tanev\/ujabb-konyvek-%e2%98%ba%ef%b8%8f?page_id=7020'style=\"max-width: 260px\">\u00dajabb k\u00f6nyvek \u263a\ufe0f<\/a>\n            <\/h4>\n            <p class=\"ngg-album-gallery-image-counter\">\n                                    <strong>14<\/strong>&nbsp;F\u00e9nyk\u00e9p                            <\/p>\n        <\/div>\n            <div class=\"ngg-album-compact\">\n            <div class=\"ngg-album-compactbox\">\n                <div class=\"ngg-album-link\">\n                                        <a title='\u00dajra az \u00f3vod\u00e1ban'\n                       href='http:\/\/altisk-versend.edu.hu\/weboldal\/index.php\/nggallery\/2025-26-os-tanev\/ujra-az-ovodaban?page_id=7020'>\n                        <img class=\"Thumb\"\n                             alt=\"\u00dajra az \u00f3vod\u00e1ban\"\n                             src=\"http:\/\/altisk-versend.edu.hu\/weboldal\/wp-content\/gallery\/ujra-az-ovodaban\/cache\/inbound2387551625955288273.jpg-nggid045903-ngg0dyn-240x160x100-00f0w010c011r110f110r010t010.jpg\"\/>\n                    <\/a>\n                                    <\/div>\n            <\/div>\n                        <h4>\n                <a class='ngg-album-desc' title='\u00dajra az \u00f3vod\u00e1ban'\n                       href='http:\/\/altisk-versend.edu.hu\/weboldal\/index.php\/nggallery\/2025-26-os-tanev\/ujra-az-ovodaban?page_id=7020'style=\"max-width: 260px\">\u00dajra az \u00f3vod\u00e1ban<\/a>\n            <\/h4>\n            <p class=\"ngg-album-gallery-image-counter\">\n                                    <strong>16<\/strong>&nbsp;F\u00e9nyk\u00e9p                            <\/p>\n        <\/div>\n        <br class=\"ngg-clear\"\/>\n    <div class='ngg-clear'><\/div><\/div>\n\n","protected":false},"excerpt":{"rendered":"","protected":false},"author":1,"featured_media":0,"parent":0,"menu_order":0,"comment_status":"closed","ping_status":"closed","template":"","meta":{"ngg_post_thumbnail":0},"_links":{"self":[{"href":"http:\/\/altisk-versend.edu.hu\/weboldal\/index.php?rest_route=\/wp\/v2\/pages\/7020"}],"collection":[{"href":"http:\/\/altisk-versend.edu.hu\/weboldal\/index.php?rest_route=\/wp\/v2\/pages"}],"about":[{"href":"http:\/\/altisk-versend.edu.hu\/weboldal\/index.php?rest_route=\/wp\/v2\/types\/page"}],"author":[{"embeddable":true,"href":"http:\/\/altisk-versend.edu.hu\/weboldal\/index.php?rest_route=\/wp\/v2\/users\/1"}],"replies":[{"embeddable":true,"href":"http:\/\/altisk-versend.edu.hu\/weboldal\/index.php?rest_route=%2Fwp%2Fv2%2Fcomments&post=7020"}],"version-history":[{"count":2,"href":"http:\/\/altisk-versend.edu.hu\/weboldal\/index.php?rest_route=\/wp\/v2\/pages\/7020\/revisions"}],"predecessor-version":[{"id":7195,"href":"http:\/\/altisk-versend.edu.hu\/weboldal\/index.php?rest_route=\/wp\/v2\/pages\/7020\/revisions\/7195"}],"wp:attachment":[{"href":"http:\/\/altisk-versend.edu.hu\/weboldal\/index.php?rest_route=%2Fwp%2Fv2%2Fmedia&parent=7020"}],"curies":[{"name":"wp","href":"https:\/\/api.w.org\/{rel}","templated":true}]}}