{"id":7,"date":"2017-05-10T06:55:00","date_gmt":"2017-05-10T06:55:00","guid":{"rendered":"http:\/\/altisk-versend.sulinet.hu\/weboldal\/?page_id=7"},"modified":"2019-10-16T12:53:04","modified_gmt":"2019-10-16T10:53:04","slug":"rolunk","status":"publish","type":"page","link":"http:\/\/altisk-versend.edu.hu\/weboldal\/?page_id=7","title":{"rendered":"Az int\u00e9zm\u00e9ny t\u00f6rt\u00e9nete"},"content":{"rendered":"\n<h3 class=\"wp-block-heading\"><strong>AZ INT\u00c9ZM\u00c9NY R\u00d6VID T\u00d6RT\u00c9NETE<\/strong><strong>:<\/strong><\/h3>\n\n\n\n<p>Versend k\u00f6zs\u00e9g Baranya megye DK-i r\u00e9sz\u00e9n, a P\u00e9cs-Moh\u00e1cs f\u0151\u00fatt\u00f3l \u00e9szakra, k\u00f6zvetlen a k\u00f6z\u00fat mellett fekszik. P\u00e9cst\u0151l 25 km-re, Moh\u00e1cst\u00f3l pedig 15 km-re helyezkedik el. Fekv\u00e9se \u00c9-D ir\u00e1ny\u00fa, zs\u00e1ktelep\u00fcl\u00e9s. F\u00f6ldrajzilag a D\u00e9l-Baranyai dombvid\u00e9k t\u00e1jegys\u00e9ghez tartozik. A k\u00f6zs\u00e9g d\u00e9li r\u00e9sze s\u00edks\u00e1g, \u00e9szaki r\u00e9sze dombvid\u00e9k.<\/p>\n\n\n\n<p>\u0150slakoss\u00e1gnak a horv\u00e1tokat tartj\u00e1k, a n\u00e9metajk\u00fa lakosok a XVIII. sz\u00e1zad m\u00e1sodik fel\u00e9ben telepedtek le. A XIX. sz\u00e1zad v\u00e9ge fel\u00e9 jelent\u0151s l\u00e9leksz\u00e1m\u00fa cig\u00e1nys\u00e1g k\u00f6lt\u00f6z\u00f6tt be. Jelenleg kb. 1000 ember lakik a k\u00f6zs\u00e9gben.<\/p>\n\n\n\n<p>A Versendi \u00c1ltal\u00e1nos Iskola t\u00f6bb mint 200 \u00e9ves. Az \u00e9p\u00fcletben nyolc tanterem, sz\u00e1m\u00edt\u00f3g\u00e9pes terem, k\u00f6nyvt\u00e1r, fejleszt\u0151 terem, szert\u00e1r, vizesblokkok tal\u00e1lhat\u00f3k. K\u00fcl\u00f6n kis \u00e9p\u00fcletben van a tan\u00e1ri szoba \u00e9s a vizesblokk.<\/p>\n\n\n\n<p>Az iskola \u00e9p\u00fclete az elm\u00falt p\u00e1r \u00e9vtizedben n\u00e9gyszer esett \u00e1t nagyobb fel\u00faj\u00edt\u00e1son. Az eltelt \u00f6t esztend\u0151ben a fel\u00faj\u00edt\u00e1sok folyamatoss\u00e1 \u00e9s tervszer\u0171v\u00e9 v\u00e1ltak. A 70-es \u00e9vekben a tantermek parkett\u00e1z\u00e1s\u00e1ra, a vizesblokkok csemp\u00e9z\u00e9s\u00e9re ker\u00fclt sor, a 80-as \u00e9vek k\u00f6zep\u00e9n a tet\u0151szerkezet fel\u00faj\u00edt\u00e1sa, a vezet\u00e9kes iv\u00f3v\u00edz bek\u00f6t\u00e9se, k\u00f6zponti f\u0171t\u00e9s bevezet\u00e9se t\u00f6rt\u00e9nt. Az udvar r\u00e9szben aszfaltozott, r\u00e9szben f\u00fcves. K\u00f6zvetlen\u00fcl az iskolaudvar mellett tal\u00e1lhat\u00f3 a sportol\u00e1snak helysz\u00ednt ad\u00f3 aszfaltozott k\u00e9zilabda p\u00e1lya, valamint f\u00fcves ter\u00fclet t\u00e1volugr\u00f3 g\u00f6d\u00f6rrel. 1996 okt\u00f3ber\u00e9ben sz\u00e9nt\u00fczel\u00e9s helyett \u00e1tt\u00e9rt\u00fcnk a korszer\u0171 \u00e9s tiszta g\u00e1zf\u0171t\u00e9sre. 2000-ben alak\u00edtottuk ki sz\u00e1m\u00edt\u00f3g\u00e9pes term\u00fcnket.1999-ben az iskola el\u0151tet\u0151vel b\u0151v\u00fclt. 1999-2001 k\u00f6z\u00f6tt elk\u00e9sz\u00fclt az int\u00e9zm\u00e9ny teljes villamos rekonstrukci\u00f3ja.<\/p>\n\n\n\n<p>2018-2019-ben Eur\u00f3pai Uni\u00f3s t\u00e1mogat\u00e1ssal \u00fajabb fel\u00faj\u00edt\u00e1s t\u00f6rt\u00e9nt. Ezen bel\u00fcl tet\u0151fel\u00faj\u00edt\u00e1sra ker\u00fclt sor, a ny\u00edlt veranda z\u00e1rt folyos\u00f3v\u00e1 lett alak\u00edtva, a folyos\u00f3 le lett burkolva. Fel lett \u00faj\u00edtva a f\u0171t\u00e9srendszer. Be\u00e9p\u00edt\u00e9sre ker\u00fclt a sz\u00e9less\u00e1v\u00fa WIFI internet rendszer. \u00c1talakult a k\u00f6nyvt\u00e1r, \u00faj informatika termet alak\u00edtottunk ki \u00e9s egy j\u00f3l felszerelt fejleszt\u0151 termet is berendezt\u00fcnk.<\/p>\n\n\n\n<p>A tornaszoba egys\u00e9g 200 m\u00e9terre tal\u00e1lhat\u00f3 az iskola \u00e9p\u00fclet\u00e9t\u0151l. A tornaszoba b\u0151v\u00edt\u00e9s\u00e9re \u00e9s fel\u00faj\u00edt\u00e1s\u00e1ra a 2001\/2002-es, majd a 1016\/2017-es tan\u00e9vben ker\u00fclt sor. Vizesblokk, \u00f6lt\u00f6z\u0151k \u00e9p\u00edt\u00e9se tette komfortosabb\u00e1 a tornaszob\u00e1t. \u00daj vizesblokkot kaptak \u2013 l\u00e1nyok \u00e9s fi\u00fak \u2013 2002. nyar\u00e1n. A napk\u00f6zis \u00e9s menz\u00e1s tanul\u00f3k \u00e9tkeztet\u00e9se is k\u00fcl\u00f6n \u00e9p\u00fcletben t\u00f6rt\u00e9nik, az int\u00e9zm\u00e9nyt\u0151l kb. 300 m\u00e9terre. A menz\u00e1t az \u00f6nkorm\u00e1nyzat \u00fczemelteti, v\u00e1llalkoz\u00f3val szerz\u0151dve.<\/p>\n\n\n\n<p>Az iskola nyolc \u00e9vfolyammal, \u00e9vfolyamonk\u00e9nt egy-egy oszt\u00e1llyal m\u0171k\u00f6dik. Iskol\u00e1nk Versend k\u00f6zs\u00e9g egyetlen alapfok\u00fa oktat\u00e1si int\u00e9zm\u00e9nye. K\u00f6znevel\u00e9si alapfeladatai k\u00f6z\u00f6tt ell\u00e1tja a saj\u00e1tos nevel\u00e9si ig\u00e9ny\u0171 \u2013 k\u00f6zt\u00fck enyhe \u00e9rtelmi fogyat\u00e9kos \u2013 tanul\u00f3k nevel\u00e9s\u00e9t-oktat\u00e1s\u00e1t, valamint napk\u00f6ziotthonos ell\u00e1t\u00e1st biztos\u00edt az itt tanul\u00f3 di\u00e1kok sz\u00e1m\u00e1ra. <\/p>\n\n\n\n<p>Az iskola k\u00f6telez\u0151\nfelv\u00e9teli k\u00f6rzete Versend k\u00f6zs\u00e9g k\u00f6zigazgat\u00e1si ter\u00fclet\u00e9re korl\u00e1toz\u00f3dik. <\/p>\n\n\n\n<p>2015. okt\u00f3ber\n5-t\u0151l az iskola \u00f6n\u00e1ll\u00f3 int\u00e9zm\u00e9nyk\u00e9nt a KLIK fenntart\u00e1s\u00e1ba ker\u00fclt a B\u00f3lyi Tanker\u00fclet\nr\u00e9szek\u00e9nt, majd 2017. janu\u00e1r 1-t\u0151l a Moh\u00e1csi Tanker\u00fcleti K\u00f6zponthoz tartozik. Az\niskola tanul\u00f3inak t\u00f6bbs\u00e9ge halmozottan h\u00e1tr\u00e1nyos helyzet\u0171. Jelent\u0151s sz\u00e1mban\nvannak SNI-s, BTMN\u2013es tanul\u00f3ink. Integr\u00e1lt nevel\u00e9s-oktat\u00e1s t\u00f6rt\u00e9nik\niskol\u00e1nkban.&nbsp; <\/p>\n\n\n\n<p>Tanul\u00f3i \u00f6sszet\u00e9tel\u00fcnk\nsz\u00fcks\u00e9gess\u00e9 tette a folyamatos fejleszt\u00e9st. A nevel\u0151test\u00fclet sz\u00e1mos k\u00e9pz\u00e9sen\nvett r\u00e9szt, fejlesztett\u00fck, sz\u00ednes\u00edtett\u00fck a m\u00f3dszertani gyakorlatunkat.\nEszk\u00f6z\u00e1llom\u00e1nyunk \u00e9s infrastrukt\u00far\u00e1nk is jelent\u0151s fejl\u0151d\u00e9sen ment \u00e1t. Az\n\u201eEs\u00e9lyteremt\u00e9s a k\u00f6znevel\u00e9sben\u201d c. EFOP projekt keret\u00e9ben rendszer szinten\nfejlesztett\u00fck a k\u00e9szs\u00e9g\/k\u00e9pess\u00e9g \u00e9s kompetencia fejleszt\u0151 programunkat. A\nhozott \u00e9rt\u00e9k hi\u00e1nyai k\u00f6vetkezt\u00e9ben m\u00e9g sok dolgunk van a kompetencia m\u00e9r\u00e9sek\neredm\u00e9nyeinek jav\u00edt\u00e1s\u00e1ban.<\/p>\n\n\n\n<p>V\u00e1ltozatos\nprogramokkal \u2013 kuty\u00e1val seg\u00edtett fejleszt\u0151 foglalkoz\u00e1sok, fejleszt\u0151 \u00e9s\nfelz\u00e1rk\u00f3ztat\u00f3 foglalkoz\u00e1sok, \u00fasz\u00e1soktat\u00e1s, zeneoktat\u00e1s, lovasoktat\u00e1s, DADA\nprogram, n\u00e9pt\u00e1nc, eg\u00e9szs\u00e9g \u00e9s sportnapok, szakk\u00f6ri foglalkoz\u00e1sok, projektnapok,\nversenyek \u00e9s p\u00e1ly\u00e1zatok \u2013 igyeksz\u00fcnk n\u00f6velni a hozz\u00e1adott \u00e9rt\u00e9ket.<\/p>\n\n\n\n<p>Mindezen\ner\u0151fesz\u00edt\u00e9seink akkor hozhatnak eredm\u00e9nyt, ha a sz\u00fcl\u0151kkel egy\u00fctt k\u00f6z\u00f6sen tudjuk\nmegval\u00f3s\u00edtani, jobb\u00e1 tenni az iskol\u00e1n kereszt\u00fcl tanul\u00f3ink nevel\u00e9s\u00e9t, oktat\u00e1s\u00e1t.<\/p>\n","protected":false},"excerpt":{"rendered":"<p>AZ INT\u00c9ZM\u00c9NY R\u00d6VID T\u00d6RT\u00c9NETE: Versend k\u00f6zs\u00e9g Baranya megye DK-i r\u00e9sz\u00e9n, a P\u00e9cs-Moh\u00e1cs f\u0151\u00fatt\u00f3l \u00e9szakra, k\u00f6zvetlen a k\u00f6z\u00fat mellett fekszik. P\u00e9cst\u0151l 25 km-re, Moh\u00e1cst\u00f3l pedig 15 km-re helyezkedik el. Fekv\u00e9se \u00c9-D ir\u00e1ny\u00fa, zs\u00e1ktelep\u00fcl\u00e9s. F\u00f6ldrajzilag a D\u00e9l-Baranyai dombvid\u00e9k t\u00e1jegys\u00e9ghez tartozik. A k\u00f6zs\u00e9g d\u00e9li r\u00e9sze s\u00edks\u00e1g, \u00e9szaki r\u00e9sze dombvid\u00e9k. \u0150slakoss\u00e1gnak a horv\u00e1tokat tartj\u00e1k,\u2026 <a class=\"continue-reading-link\" href=\"http:\/\/altisk-versend.edu.hu\/weboldal\/?page_id=7\"> Continue reading <span class=\"meta-nav\">&rarr; <\/span><\/a><\/p>\n","protected":false},"author":1,"featured_media":0,"parent":0,"menu_order":0,"comment_status":"closed","ping_status":"closed","template":"","meta":{"ngg_post_thumbnail":0},"_links":{"self":[{"href":"http:\/\/altisk-versend.edu.hu\/weboldal\/index.php?rest_route=\/wp\/v2\/pages\/7"}],"collection":[{"href":"http:\/\/altisk-versend.edu.hu\/weboldal\/index.php?rest_route=\/wp\/v2\/pages"}],"about":[{"href":"http:\/\/altisk-versend.edu.hu\/weboldal\/index.php?rest_route=\/wp\/v2\/types\/page"}],"author":[{"embeddable":true,"href":"http:\/\/altisk-versend.edu.hu\/weboldal\/index.php?rest_route=\/wp\/v2\/users\/1"}],"replies":[{"embeddable":true,"href":"http:\/\/altisk-versend.edu.hu\/weboldal\/index.php?rest_route=%2Fwp%2Fv2%2Fcomments&post=7"}],"version-history":[{"count":4,"href":"http:\/\/altisk-versend.edu.hu\/weboldal\/index.php?rest_route=\/wp\/v2\/pages\/7\/revisions"}],"predecessor-version":[{"id":3205,"href":"http:\/\/altisk-versend.edu.hu\/weboldal\/index.php?rest_route=\/wp\/v2\/pages\/7\/revisions\/3205"}],"wp:attachment":[{"href":"http:\/\/altisk-versend.edu.hu\/weboldal\/index.php?rest_route=%2Fwp%2Fv2%2Fmedia&parent=7"}],"curies":[{"name":"wp","href":"https:\/\/api.w.org\/{rel}","templated":true}]}}