{"id":5320,"date":"2023-12-07T17:36:18","date_gmt":"2023-12-07T16:36:18","guid":{"rendered":"http:\/\/altisk-versend.edu.hu\/weboldal\/?page_id=5320"},"modified":"2023-12-11T08:44:55","modified_gmt":"2023-12-11T07:44:55","slug":"adatkezelesi-tajekoztato","status":"publish","type":"page","link":"http:\/\/altisk-versend.edu.hu\/weboldal\/?page_id=5320","title":{"rendered":"Adatkezel\u00e9si t\u00e1j\u00e9koztat\u00f3k"},"content":{"rendered":"\n<p class=\"has-text-align-center has-medium-font-size\"><strong><a href=\"http:\/\/altisk-versend.edu.hu\/weboldal\/wp-content\/uploads\/2023\/12\/Adatkezelesi-tajekoztato-Intezmenyi-Mohacsi-TK_2023_alairt.pdf\" data-type=\"URL\" data-id=\"http:\/\/altisk-versend.edu.hu\/weboldal\/wp-content\/uploads\/2023\/12\/Adatkezelesi-tajekoztato-Intezmenyi-Mohacsi-TK_2023_alairt.pdf\" target=\"_blank\" rel=\"noreferrer noopener\">Adatkezel\u00e9si t\u00e1j\u00e9koztat\u00f3 a Moh\u00e1csi Tanker\u00fcleti K\u00f6zpont \u00e1ltal fenntartott k\u00f6znevel\u00e9si int\u00e9zm\u00e9nyek tanul\u00f3i \u00e9s t\u00f6rv\u00e9nyes k\u00e9pvisel\u0151i r\u00e9sz\u00e9re<\/a><\/strong><\/p>\n\n\n\n<hr class=\"wp-block-separator has-alpha-channel-opacity\"\/>\n\n\n\n<p class=\"has-text-align-center has-medium-font-size\"><a href=\"http:\/\/altisk-versend.edu.hu\/weboldal\/wp-content\/uploads\/2023\/12\/Adatkezelesi-tajekoztato-Tanulo_2023_alairt.pdf\" data-type=\"URL\" data-id=\"http:\/\/altisk-versend.edu.hu\/weboldal\/wp-content\/uploads\/2023\/12\/Adatkezelesi-tajekoztato-Tanulo_2023_alairt.pdf\" target=\"_blank\" rel=\"noreferrer noopener\"><strong>Adatkezel\u00e9si t\u00e1j\u00e9koztat\u00f3 a Moh\u00e1csi Tanker\u00fcleti K\u00f6zpont \u00e1ltal fenntartott k\u00f6znevel\u00e9si int\u00e9zm\u00e9nyek tanul\u00f3i \u00e9s t\u00f6rv\u00e9nyes k\u00e9pvisel\u0151i r\u00e9sz\u00e9re \u2013 KIVONAT<\/strong><\/a><\/p>\n\n\n\n<hr class=\"wp-block-separator has-alpha-channel-opacity\"\/>\n\n\n\n<p class=\"has-text-align-center has-medium-font-size\"><a href=\"http:\/\/altisk-versend.edu.hu\/weboldal\/wp-content\/uploads\/2023\/12\/Adatkezelesi-tajekoztato-Dolgozoknak_2023_alairt.pdf\" data-type=\"URL\" data-id=\"http:\/\/altisk-versend.edu.hu\/weboldal\/wp-content\/uploads\/2023\/12\/Adatkezelesi-tajekoztato-Dolgozoknak_2023_alairt.pdf\" target=\"_blank\" rel=\"noreferrer noopener\"><strong>Adatkezel\u00e9si t\u00e1j\u00e9koztat\u00f3 a Moh\u00e1csi Tanker\u00fcleti K\u00f6zpont foglalkoztatottai r\u00e9sz\u00e9re \u2013 KIVONAT<\/strong><\/a><\/p>\n","protected":false},"excerpt":{"rendered":"<p>Adatkezel\u00e9si t\u00e1j\u00e9koztat\u00f3 a Moh\u00e1csi Tanker\u00fcleti K\u00f6zpont \u00e1ltal fenntartott k\u00f6znevel\u00e9si int\u00e9zm\u00e9nyek tanul\u00f3i \u00e9s t\u00f6rv\u00e9nyes k\u00e9pvisel\u0151i r\u00e9sz\u00e9re Adatkezel\u00e9si t\u00e1j\u00e9koztat\u00f3 a Moh\u00e1csi Tanker\u00fcleti K\u00f6zpont \u00e1ltal fenntartott k\u00f6znevel\u00e9si int\u00e9zm\u00e9nyek tanul\u00f3i \u00e9s t\u00f6rv\u00e9nyes k\u00e9pvisel\u0151i r\u00e9sz\u00e9re \u2013 KIVONAT Adatkezel\u00e9si t\u00e1j\u00e9koztat\u00f3 a Moh\u00e1csi Tanker\u00fcleti K\u00f6zpont foglalkoztatottai r\u00e9sz\u00e9re \u2013 KIVONAT<\/p>\n","protected":false},"author":1,"featured_media":0,"parent":0,"menu_order":0,"comment_status":"closed","ping_status":"closed","template":"","meta":{"ngg_post_thumbnail":0},"_links":{"self":[{"href":"http:\/\/altisk-versend.edu.hu\/weboldal\/index.php?rest_route=\/wp\/v2\/pages\/5320"}],"collection":[{"href":"http:\/\/altisk-versend.edu.hu\/weboldal\/index.php?rest_route=\/wp\/v2\/pages"}],"about":[{"href":"http:\/\/altisk-versend.edu.hu\/weboldal\/index.php?rest_route=\/wp\/v2\/types\/page"}],"author":[{"embeddable":true,"href":"http:\/\/altisk-versend.edu.hu\/weboldal\/index.php?rest_route=\/wp\/v2\/users\/1"}],"replies":[{"embeddable":true,"href":"http:\/\/altisk-versend.edu.hu\/weboldal\/index.php?rest_route=%2Fwp%2Fv2%2Fcomments&post=5320"}],"version-history":[{"count":4,"href":"http:\/\/altisk-versend.edu.hu\/weboldal\/index.php?rest_route=\/wp\/v2\/pages\/5320\/revisions"}],"predecessor-version":[{"id":5332,"href":"http:\/\/altisk-versend.edu.hu\/weboldal\/index.php?rest_route=\/wp\/v2\/pages\/5320\/revisions\/5332"}],"wp:attachment":[{"href":"http:\/\/altisk-versend.edu.hu\/weboldal\/index.php?rest_route=%2Fwp%2Fv2%2Fmedia&parent=5320"}],"curies":[{"name":"wp","href":"https:\/\/api.w.org\/{rel}","templated":true}]}}