{"id":471,"date":"2019-01-05T19:37:49","date_gmt":"2019-01-05T18:37:49","guid":{"rendered":"http:\/\/altisk-versend.sulinet.hu\/weboldal\/?page_id=471"},"modified":"2019-01-06T15:08:50","modified_gmt":"2019-01-06T14:08:50","slug":"2016-17-es-tanev","status":"publish","type":"page","link":"http:\/\/altisk-versend.edu.hu\/weboldal\/?page_id=471","title":{"rendered":"2016\/17-es tan\u00e9v"},"content":{"rendered":"\n<div class=\"ngg-albumoverview\">\n            <div class=\"ngg-album\">\n            <div class=\"ngg-albumtitle\">\n                <a class='gallery_link' href='http:\/\/altisk-versend.edu.hu\/weboldal\/index.php\/nggallery\/2016-17-es-tanev\/Ballag\u00e1s-1?page_id=471'>Ballag\u00e1s<\/a>\n            <\/div>\n            <div class=\"ngg-albumcontent\">\n                <div class=\"ngg-thumbnail\">\n                    <a class='gallery_link' href='http:\/\/altisk-versend.edu.hu\/weboldal\/index.php\/nggallery\/2016-17-es-tanev\/Ballag\u00e1s-1?page_id=471'>\n                        <img class=\"Thumb\"\n                             alt=\"Ballag\u00e1s\"\n                             src=\"http:\/\/altisk-versend.edu.hu\/weboldal\/wp-content\/gallery\/ballagas-1\/cache\/DSCF0083.jpg-nggid03934-ngg0dyn-91x68-00f0w010c011r110f110r010t010.jpg\"\/>\n                    <\/a>\n                <\/div>\n                <div class=\"ngg-description\">\n                    <p><\/p>\n                                            <p class=\"ngg-album-gallery-image-counter\"><strong>79<\/strong>&nbsp;F\u00e9nyk\u00e9p<\/p>\n                                    <\/div>\n            <\/div>\n        <\/div>\n            <div class=\"ngg-album\">\n            <div class=\"ngg-albumtitle\">\n                <a class='gallery_link' href='http:\/\/altisk-versend.edu.hu\/weboldal\/index.php\/nggallery\/2016-17-es-tanev\/M\u00e9hecske-b\u00e1bm\u0171sor-1?page_id=471'>M\u00e9hecske b\u00e1bm\u0171sor<\/a>\n            <\/div>\n            <div class=\"ngg-albumcontent\">\n                <div class=\"ngg-thumbnail\">\n                    <a class='gallery_link' href='http:\/\/altisk-versend.edu.hu\/weboldal\/index.php\/nggallery\/2016-17-es-tanev\/M\u00e9hecske-b\u00e1bm\u0171sor-1?page_id=471'>\n                        <img class=\"Thumb\"\n                             alt=\"M\u00e9hecske b\u00e1bm\u0171sor\"\n                             src=\"http:\/\/altisk-versend.edu.hu\/weboldal\/wp-content\/gallery\/mehecske-babmusor-1\/cache\/HPIM3729.jpg-nggid03925-ngg0dyn-91x68-00f0w010c011r110f110r010t010.jpg\"\/>\n                    <\/a>\n                <\/div>\n                <div class=\"ngg-description\">\n                    <p><\/p>\n                                            <p class=\"ngg-album-gallery-image-counter\"><strong>9<\/strong>&nbsp;F\u00e9nyk\u00e9p<\/p>\n                                    <\/div>\n            <\/div>\n        <\/div>\n            <div class=\"ngg-album\">\n            <div class=\"ngg-albumtitle\">\n                <a class='gallery_link' href='http:\/\/altisk-versend.edu.hu\/weboldal\/index.php\/nggallery\/2016-17-es-tanev\/Sz\u00e9p\u00edr\u00f3-verseny?page_id=471'>Sz\u00e9p\u00edr\u00f3 verseny<\/a>\n            <\/div>\n            <div class=\"ngg-albumcontent\">\n                <div class=\"ngg-thumbnail\">\n                    <a class='gallery_link' href='http:\/\/altisk-versend.edu.hu\/weboldal\/index.php\/nggallery\/2016-17-es-tanev\/Sz\u00e9p\u00edr\u00f3-verseny?page_id=471'>\n                        <img class=\"Thumb\"\n                             alt=\"Sz\u00e9p\u00edr\u00f3 verseny\"\n                             src=\"http:\/\/altisk-versend.edu.hu\/weboldal\/wp-content\/gallery\/szepiro-verseny\/cache\/HPIM3727.jpg-nggid03918-ngg0dyn-91x68-00f0w010c011r110f110r010t010.jpg\"\/>\n                    <\/a>\n                <\/div>\n                <div class=\"ngg-description\">\n                    <p><\/p>\n                                            <p class=\"ngg-album-gallery-image-counter\"><strong>7<\/strong>&nbsp;F\u00e9nyk\u00e9p<\/p>\n                                    <\/div>\n            <\/div>\n        <\/div>\n            <div class=\"ngg-album\">\n            <div class=\"ngg-albumtitle\">\n                <a class='gallery_link' href='http:\/\/altisk-versend.edu.hu\/weboldal\/index.php\/nggallery\/2016-17-es-tanev\/Szaval\u00f3verseny?page_id=471'>Szaval\u00f3verseny<\/a>\n            <\/div>\n            <div class=\"ngg-albumcontent\">\n                <div class=\"ngg-thumbnail\">\n                    <a class='gallery_link' href='http:\/\/altisk-versend.edu.hu\/weboldal\/index.php\/nggallery\/2016-17-es-tanev\/Szaval\u00f3verseny?page_id=471'>\n                        <img class=\"Thumb\"\n                             alt=\"Szaval\u00f3verseny\"\n                             src=\"http:\/\/altisk-versend.edu.hu\/weboldal\/wp-content\/gallery\/szavaloverseny\/cache\/HPIM3712.jpg-nggid03892-ngg0dyn-91x68-00f0w010c011r110f110r010t010.jpg\"\/>\n                    <\/a>\n                <\/div>\n                <div class=\"ngg-description\">\n                    <p><\/p>\n                                            <p class=\"ngg-album-gallery-image-counter\"><strong>26<\/strong>&nbsp;F\u00e9nyk\u00e9p<\/p>\n                                    <\/div>\n            <\/div>\n        <\/div>\n            <div class=\"ngg-album\">\n            <div class=\"ngg-albumtitle\">\n                <a class='gallery_link' href='http:\/\/altisk-versend.edu.hu\/weboldal\/index.php\/nggallery\/2016-17-es-tanev\/G\u00e9p-\u00c9sszel-VII.-d\u00f6nt\u0151?page_id=471'>G\u00e9p-\u00c9sszel VII. d\u00f6nt\u0151<\/a>\n            <\/div>\n            <div class=\"ngg-albumcontent\">\n                <div class=\"ngg-thumbnail\">\n                    <a class='gallery_link' href='http:\/\/altisk-versend.edu.hu\/weboldal\/index.php\/nggallery\/2016-17-es-tanev\/G\u00e9p-\u00c9sszel-VII.-d\u00f6nt\u0151?page_id=471'>\n                        <img class=\"Thumb\"\n                             alt=\"G\u00e9p-\u00c9sszel VII. d\u00f6nt\u0151\"\n                             src=\"http:\/\/altisk-versend.edu.hu\/weboldal\/wp-content\/gallery\/gep-esszel-vii-donto\/cache\/17626600_10207454509595090_6165860540106673006_n.jpg-nggid03846-ngg0dyn-91x68-00f0w010c011r110f110r010t010.jpg\"\/>\n                    <\/a>\n                <\/div>\n                <div class=\"ngg-description\">\n                    <p><\/p>\n                                            <p class=\"ngg-album-gallery-image-counter\"><strong>46<\/strong>&nbsp;F\u00e9nyk\u00e9p<\/p>\n                                    <\/div>\n            <\/div>\n        <\/div>\n            <div class=\"ngg-album\">\n            <div class=\"ngg-albumtitle\">\n                <a class='gallery_link' href='http:\/\/altisk-versend.edu.hu\/weboldal\/index.php\/nggallery\/2016-17-es-tanev\/\u00d3vod\u00e1sok-az-iskol\u00e1ban?page_id=471'>\u00d3vod\u00e1sok az iskol\u00e1ban<\/a>\n            <\/div>\n            <div class=\"ngg-albumcontent\">\n                <div class=\"ngg-thumbnail\">\n                    <a class='gallery_link' href='http:\/\/altisk-versend.edu.hu\/weboldal\/index.php\/nggallery\/2016-17-es-tanev\/\u00d3vod\u00e1sok-az-iskol\u00e1ban?page_id=471'>\n                        <img class=\"Thumb\"\n                             alt=\"\u00d3vod\u00e1sok az iskol\u00e1ban\"\n                             src=\"http:\/\/altisk-versend.edu.hu\/weboldal\/wp-content\/gallery\/ovodasok-az-iskolaban\/cache\/HPIM3680.jpg-nggid03824-ngg0dyn-91x68-00f0w010c011r110f110r010t010.jpg\"\/>\n                    <\/a>\n                <\/div>\n                <div class=\"ngg-description\">\n                    <p><\/p>\n                                            <p class=\"ngg-album-gallery-image-counter\"><strong>22<\/strong>&nbsp;F\u00e9nyk\u00e9p<\/p>\n                                    <\/div>\n            <\/div>\n        <\/div>\n            <div class=\"ngg-album\">\n            <div class=\"ngg-albumtitle\">\n                <a class='gallery_link' href='http:\/\/altisk-versend.edu.hu\/weboldal\/index.php\/nggallery\/2016-17-es-tanev\/M\u00e9hecske-b\u00e1bm\u0171sor?page_id=471'>M\u00e9hecske b\u00e1bm\u0171sor<\/a>\n            <\/div>\n            <div class=\"ngg-albumcontent\">\n                <div class=\"ngg-thumbnail\">\n                    <a class='gallery_link' href='http:\/\/altisk-versend.edu.hu\/weboldal\/index.php\/nggallery\/2016-17-es-tanev\/M\u00e9hecske-b\u00e1bm\u0171sor?page_id=471'>\n                        <img class=\"Thumb\"\n                             alt=\"M\u00e9hecske b\u00e1bm\u0171sor\"\n                             src=\"http:\/\/altisk-versend.edu.hu\/weboldal\/wp-content\/gallery\/mehecske-babmusor\/cache\/HPIM3660.jpg-nggid03814-ngg0dyn-91x68-00f0w010c011r110f110r010t010.jpg\"\/>\n                    <\/a>\n                <\/div>\n                <div class=\"ngg-description\">\n                    <p><\/p>\n                                            <p class=\"ngg-album-gallery-image-counter\"><strong>10<\/strong>&nbsp;F\u00e9nyk\u00e9p<\/p>\n                                    <\/div>\n            <\/div>\n        <\/div>\n            <div class=\"ngg-album\">\n            <div class=\"ngg-albumtitle\">\n                <a class='gallery_link' href='http:\/\/altisk-versend.edu.hu\/weboldal\/index.php\/nggallery\/2016-17-es-tanev\/M\u00e1rcius-15?page_id=471'>M\u00e1rcius 15<\/a>\n            <\/div>\n            <div class=\"ngg-albumcontent\">\n                <div class=\"ngg-thumbnail\">\n                    <a class='gallery_link' href='http:\/\/altisk-versend.edu.hu\/weboldal\/index.php\/nggallery\/2016-17-es-tanev\/M\u00e1rcius-15?page_id=471'>\n                        <img class=\"Thumb\"\n                             alt=\"M\u00e1rcius 15\"\n                             src=\"http:\/\/altisk-versend.edu.hu\/weboldal\/wp-content\/gallery\/marcius-15\/cache\/HPIM3600.jpg-nggid03790-ngg0dyn-91x68-00f0w010c011r110f110r010t010.jpg\"\/>\n                    <\/a>\n                <\/div>\n                <div class=\"ngg-description\">\n                    <p><\/p>\n                                            <p class=\"ngg-album-gallery-image-counter\"><strong>24<\/strong>&nbsp;F\u00e9nyk\u00e9p<\/p>\n                                    <\/div>\n            <\/div>\n        <\/div>\n            <div class=\"ngg-album\">\n            <div class=\"ngg-albumtitle\">\n                <a class='gallery_link' href='http:\/\/altisk-versend.edu.hu\/weboldal\/index.php\/nggallery\/2016-17-es-tanev\/Muzsik\u00e1s-egy\u00fcttes?page_id=471'>Muzsik\u00e1s egy\u00fcttes<\/a>\n            <\/div>\n            <div class=\"ngg-albumcontent\">\n                <div class=\"ngg-thumbnail\">\n                    <a class='gallery_link' href='http:\/\/altisk-versend.edu.hu\/weboldal\/index.php\/nggallery\/2016-17-es-tanev\/Muzsik\u00e1s-egy\u00fcttes?page_id=471'>\n                        <img class=\"Thumb\"\n                             alt=\"Muzsik\u00e1s egy\u00fcttes\"\n                             src=\"http:\/\/altisk-versend.edu.hu\/weboldal\/wp-content\/gallery\/muzsikas-egyuttes\/cache\/HPIM3650.jpg-nggid03752-ngg0dyn-91x68-00f0w010c011r110f110r010t010.jpg\"\/>\n                    <\/a>\n                <\/div>\n                <div class=\"ngg-description\">\n                    <p><\/p>\n                                            <p class=\"ngg-album-gallery-image-counter\"><strong>38<\/strong>&nbsp;F\u00e9nyk\u00e9p<\/p>\n                                    <\/div>\n            <\/div>\n        <\/div>\n            <div class=\"ngg-album\">\n            <div class=\"ngg-albumtitle\">\n                <a class='gallery_link' href='http:\/\/altisk-versend.edu.hu\/weboldal\/index.php\/nggallery\/2016-17-es-tanev\/Farsangi-b\u00e1l-1?page_id=471'>Farsangi b\u00e1l<\/a>\n            <\/div>\n            <div class=\"ngg-albumcontent\">\n                <div class=\"ngg-thumbnail\">\n                    <a class='gallery_link' href='http:\/\/altisk-versend.edu.hu\/weboldal\/index.php\/nggallery\/2016-17-es-tanev\/Farsangi-b\u00e1l-1?page_id=471'>\n                        <img class=\"Thumb\"\n                             alt=\"Farsangi b\u00e1l\"\n                             src=\"http:\/\/altisk-versend.edu.hu\/weboldal\/wp-content\/gallery\/farsangi-bal-1\/cache\/HPIM3591.jpg-nggid03704-ngg0dyn-91x68-00f0w010c011r110f110r010t010.jpg\"\/>\n                    <\/a>\n                <\/div>\n                <div class=\"ngg-description\">\n                    <p><\/p>\n                                            <p class=\"ngg-album-gallery-image-counter\"><strong>48<\/strong>&nbsp;F\u00e9nyk\u00e9p<\/p>\n                                    <\/div>\n            <\/div>\n        <\/div>\n            <div class=\"ngg-album\">\n            <div class=\"ngg-albumtitle\">\n                <a class='gallery_link' href='http:\/\/altisk-versend.edu.hu\/weboldal\/index.php\/nggallery\/2016-17-es-tanev\/Kar\u00e1csony?page_id=471'>Kar\u00e1csony<\/a>\n            <\/div>\n            <div class=\"ngg-albumcontent\">\n                <div class=\"ngg-thumbnail\">\n                    <a class='gallery_link' href='http:\/\/altisk-versend.edu.hu\/weboldal\/index.php\/nggallery\/2016-17-es-tanev\/Kar\u00e1csony?page_id=471'>\n                        <img class=\"Thumb\"\n                             alt=\"Kar\u00e1csony\"\n                             src=\"http:\/\/altisk-versend.edu.hu\/weboldal\/wp-content\/gallery\/karacsony\/cache\/HPIM3524.jpg-nggid03686-ngg0dyn-91x68-00f0w010c011r110f110r010t010.jpg\"\/>\n                    <\/a>\n                <\/div>\n                <div class=\"ngg-description\">\n                    <p><\/p>\n                                            <p class=\"ngg-album-gallery-image-counter\"><strong>18<\/strong>&nbsp;F\u00e9nyk\u00e9p<\/p>\n                                    <\/div>\n            <\/div>\n        <\/div>\n            <div class=\"ngg-album\">\n            <div class=\"ngg-albumtitle\">\n                <a class='gallery_link' href='http:\/\/altisk-versend.edu.hu\/weboldal\/index.php\/nggallery\/2016-17-es-tanev\/Cip\u0151sdoboz?page_id=471'>Cip\u0151sdoboz<\/a>\n            <\/div>\n            <div class=\"ngg-albumcontent\">\n                <div class=\"ngg-thumbnail\">\n                    <a class='gallery_link' href='http:\/\/altisk-versend.edu.hu\/weboldal\/index.php\/nggallery\/2016-17-es-tanev\/Cip\u0151sdoboz?page_id=471'>\n                        <img class=\"Thumb\"\n                             alt=\"Cip\u0151sdoboz\"\n                             src=\"http:\/\/altisk-versend.edu.hu\/weboldal\/wp-content\/gallery\/ciposdoboz\/cache\/HPIM3516.jpg-nggid03665-ngg0dyn-91x68-00f0w010c011r110f110r010t010.jpg\"\/>\n                    <\/a>\n                <\/div>\n                <div class=\"ngg-description\">\n                    <p><\/p>\n                                            <p class=\"ngg-album-gallery-image-counter\"><strong>21<\/strong>&nbsp;F\u00e9nyk\u00e9p<\/p>\n                                    <\/div>\n            <\/div>\n        <\/div>\n            <div class=\"ngg-album\">\n            <div class=\"ngg-albumtitle\">\n                <a class='gallery_link' href='http:\/\/altisk-versend.edu.hu\/weboldal\/index.php\/nggallery\/2016-17-es-tanev\/Eg\u00e9szs\u00e9gnevel\u00e9si-nap?page_id=471'>Eg\u00e9szs\u00e9gnevel\u00e9si nap<\/a>\n            <\/div>\n            <div class=\"ngg-albumcontent\">\n                <div class=\"ngg-thumbnail\">\n                    <a class='gallery_link' href='http:\/\/altisk-versend.edu.hu\/weboldal\/index.php\/nggallery\/2016-17-es-tanev\/Eg\u00e9szs\u00e9gnevel\u00e9si-nap?page_id=471'>\n                        <img class=\"Thumb\"\n                             alt=\"Eg\u00e9szs\u00e9gnevel\u00e9si nap\"\n                             src=\"http:\/\/altisk-versend.edu.hu\/weboldal\/wp-content\/gallery\/egeszsegnevelesi-nap\/cache\/DSC00853.jpg-nggid03649-ngg0dyn-91x68-00f0w010c011r110f110r010t010.jpg\"\/>\n                    <\/a>\n                <\/div>\n                <div class=\"ngg-description\">\n                    <p><\/p>\n                                            <p class=\"ngg-album-gallery-image-counter\"><strong>16<\/strong>&nbsp;F\u00e9nyk\u00e9p<\/p>\n                                    <\/div>\n            <\/div>\n        <\/div>\n            <div class=\"ngg-album\">\n            <div class=\"ngg-albumtitle\">\n                <a class='gallery_link' href='http:\/\/altisk-versend.edu.hu\/weboldal\/index.php\/nggallery\/2016-17-es-tanev\/Okt\u00f3ber-23.?page_id=471'>Okt\u00f3ber 23.<\/a>\n            <\/div>\n            <div class=\"ngg-albumcontent\">\n                <div class=\"ngg-thumbnail\">\n                    <a class='gallery_link' href='http:\/\/altisk-versend.edu.hu\/weboldal\/index.php\/nggallery\/2016-17-es-tanev\/Okt\u00f3ber-23.?page_id=471'>\n                        <img class=\"Thumb\"\n                             alt=\"Okt\u00f3ber 23.\"\n                             src=\"http:\/\/altisk-versend.edu.hu\/weboldal\/wp-content\/gallery\/oktober-23\/cache\/Okt.-23.-013-1.jpg-nggid03635-ngg0dyn-91x68-00f0w010c011r110f110r010t010.jpg\"\/>\n                    <\/a>\n                <\/div>\n                <div class=\"ngg-description\">\n                    <p><\/p>\n                                            <p class=\"ngg-album-gallery-image-counter\"><strong>14<\/strong>&nbsp;F\u00e9nyk\u00e9p<\/p>\n                                    <\/div>\n            <\/div>\n        <\/div>\n            <div class=\"ngg-album\">\n            <div class=\"ngg-albumtitle\">\n                <a class='gallery_link' href='http:\/\/altisk-versend.edu.hu\/weboldal\/index.php\/nggallery\/2016-17-es-tanev\/Nemzetk\u00f6zi-Sportnap?page_id=471'>Nemzetk\u00f6zi Sportnap<\/a>\n            <\/div>\n            <div class=\"ngg-albumcontent\">\n                <div class=\"ngg-thumbnail\">\n                    <a class='gallery_link' href='http:\/\/altisk-versend.edu.hu\/weboldal\/index.php\/nggallery\/2016-17-es-tanev\/Nemzetk\u00f6zi-Sportnap?page_id=471'>\n                        <img class=\"Thumb\"\n                             alt=\"Nemzetk\u00f6zi Sportnap\"\n                             src=\"http:\/\/altisk-versend.edu.hu\/weboldal\/wp-content\/gallery\/nemzetkozi-sportnap\/cache\/Sportnap-09.30.-050.jpg-nggid03586-ngg0dyn-91x68-00f0w010c011r110f110r010t010.jpg\"\/>\n                    <\/a>\n                <\/div>\n                <div class=\"ngg-description\">\n                    <p><\/p>\n                                            <p class=\"ngg-album-gallery-image-counter\"><strong>49<\/strong>&nbsp;F\u00e9nyk\u00e9p<\/p>\n                                    <\/div>\n            <\/div>\n        <\/div>\n            <div class=\"ngg-album\">\n            <div class=\"ngg-albumtitle\">\n                <a class='gallery_link' href='http:\/\/altisk-versend.edu.hu\/weboldal\/index.php\/nggallery\/2016-17-es-tanev\/Tan\u00e9vnyit\u00f3?page_id=471'>Tan\u00e9vnyit\u00f3<\/a>\n            <\/div>\n            <div class=\"ngg-albumcontent\">\n                <div class=\"ngg-thumbnail\">\n                    <a class='gallery_link' href='http:\/\/altisk-versend.edu.hu\/weboldal\/index.php\/nggallery\/2016-17-es-tanev\/Tan\u00e9vnyit\u00f3?page_id=471'>\n                        <img class=\"Thumb\"\n                             alt=\"Tan\u00e9vnyit\u00f3\"\n                             src=\"http:\/\/altisk-versend.edu.hu\/weboldal\/wp-content\/gallery\/tanevnyito\/cache\/%C3%A9vny%C3%ADt%C3%B3-024.jpg-nggid03563-ngg0dyn-91x68-00f0w010c011r110f110r010t010.jpg\"\/>\n                    <\/a>\n                <\/div>\n                <div class=\"ngg-description\">\n                    <p><\/p>\n                                            <p class=\"ngg-album-gallery-image-counter\"><strong>23<\/strong>&nbsp;F\u00e9nyk\u00e9p<\/p>\n                                    <\/div>\n            <\/div>\n        <\/div>\n        <div class='ngg-clear'><\/div><\/div>\n\n","protected":false},"excerpt":{"rendered":"","protected":false},"author":1,"featured_media":0,"parent":0,"menu_order":0,"comment_status":"closed","ping_status":"closed","template":"","meta":{"ngg_post_thumbnail":0},"_links":{"self":[{"href":"http:\/\/altisk-versend.edu.hu\/weboldal\/index.php?rest_route=\/wp\/v2\/pages\/471"}],"collection":[{"href":"http:\/\/altisk-versend.edu.hu\/weboldal\/index.php?rest_route=\/wp\/v2\/pages"}],"about":[{"href":"http:\/\/altisk-versend.edu.hu\/weboldal\/index.php?rest_route=\/wp\/v2\/types\/page"}],"author":[{"embeddable":true,"href":"http:\/\/altisk-versend.edu.hu\/weboldal\/index.php?rest_route=\/wp\/v2\/users\/1"}],"replies":[{"embeddable":true,"href":"http:\/\/altisk-versend.edu.hu\/weboldal\/index.php?rest_route=%2Fwp%2Fv2%2Fcomments&post=471"}],"version-history":[{"count":2,"href":"http:\/\/altisk-versend.edu.hu\/weboldal\/index.php?rest_route=\/wp\/v2\/pages\/471\/revisions"}],"predecessor-version":[{"id":1056,"href":"http:\/\/altisk-versend.edu.hu\/weboldal\/index.php?rest_route=\/wp\/v2\/pages\/471\/revisions\/1056"}],"wp:attachment":[{"href":"http:\/\/altisk-versend.edu.hu\/weboldal\/index.php?rest_route=%2Fwp%2Fv2%2Fmedia&parent=471"}],"curies":[{"name":"wp","href":"https:\/\/api.w.org\/{rel}","templated":true}]}}