{"id":469,"date":"2019-01-05T19:36:56","date_gmt":"2019-01-05T18:36:56","guid":{"rendered":"http:\/\/altisk-versend.sulinet.hu\/weboldal\/?page_id=469"},"modified":"2019-01-06T15:11:18","modified_gmt":"2019-01-06T14:11:18","slug":"2015-16-os-tanev","status":"publish","type":"page","link":"http:\/\/altisk-versend.edu.hu\/weboldal\/?page_id=469","title":{"rendered":"2015\/16-os tan\u00e9v"},"content":{"rendered":"\n<div class=\"ngg-albumoverview\">\n            <div class=\"ngg-album\">\n            <div class=\"ngg-albumtitle\">\n                <a class='gallery_link' href='http:\/\/altisk-versend.edu.hu\/weboldal\/index.php\/nggallery\/2015-16-os-tanev\/2015-Kar\u00e1csony?page_id=469'>2015 Kar\u00e1csony<\/a>\n            <\/div>\n            <div class=\"ngg-albumcontent\">\n                <div class=\"ngg-thumbnail\">\n                    <a class='gallery_link' href='http:\/\/altisk-versend.edu.hu\/weboldal\/index.php\/nggallery\/2015-16-os-tanev\/2015-Kar\u00e1csony?page_id=469'>\n                        <img class=\"Thumb\"\n                             alt=\"2015 Kar\u00e1csony\"\n                             src=\"http:\/\/altisk-versend.edu.hu\/weboldal\/wp-content\/gallery\/2015-karacsony\/cache\/Kar%C3%A1csony-2015-029.jpg-nggid03533-ngg0dyn-91x68-00f0w010c011r110f110r010t010.jpg\"\/>\n                    <\/a>\n                <\/div>\n                <div class=\"ngg-description\">\n                    <p><\/p>\n                                            <p class=\"ngg-album-gallery-image-counter\"><strong>30<\/strong>&nbsp;F\u00e9nyk\u00e9p<\/p>\n                                    <\/div>\n            <\/div>\n        <\/div>\n            <div class=\"ngg-album\">\n            <div class=\"ngg-albumtitle\">\n                <a class='gallery_link' href='http:\/\/altisk-versend.edu.hu\/weboldal\/index.php\/nggallery\/2015-16-os-tanev\/2016.-03.-15.-\u00fcnnep\u00e9ly?page_id=469'>2016. 03. 15. \u00fcnnep\u00e9ly<\/a>\n            <\/div>\n            <div class=\"ngg-albumcontent\">\n                <div class=\"ngg-thumbnail\">\n                    <a class='gallery_link' href='http:\/\/altisk-versend.edu.hu\/weboldal\/index.php\/nggallery\/2015-16-os-tanev\/2016.-03.-15.-\u00fcnnep\u00e9ly?page_id=469'>\n                        <img class=\"Thumb\"\n                             alt=\"2016. 03. 15. \u00fcnnep\u00e9ly\"\n                             src=\"http:\/\/altisk-versend.edu.hu\/weboldal\/wp-content\/gallery\/2016-03-15-unnepely\/cache\/M%C3%A1rc.-15.-019.jpg-nggid03514-ngg0dyn-91x68-00f0w010c011r110f110r010t010.jpg\"\/>\n                    <\/a>\n                <\/div>\n                <div class=\"ngg-description\">\n                    <p><\/p>\n                                            <p class=\"ngg-album-gallery-image-counter\"><strong>19<\/strong>&nbsp;F\u00e9nyk\u00e9p<\/p>\n                                    <\/div>\n            <\/div>\n        <\/div>\n            <div class=\"ngg-album\">\n            <div class=\"ngg-albumtitle\">\n                <a class='gallery_link' href='http:\/\/altisk-versend.edu.hu\/weboldal\/index.php\/nggallery\/2015-16-os-tanev\/Als\u00f3s-szaval\u00f3verseny?page_id=469'>Als\u00f3s szaval\u00f3verseny<\/a>\n            <\/div>\n            <div class=\"ngg-albumcontent\">\n                <div class=\"ngg-thumbnail\">\n                    <a class='gallery_link' href='http:\/\/altisk-versend.edu.hu\/weboldal\/index.php\/nggallery\/2015-16-os-tanev\/Als\u00f3s-szaval\u00f3verseny?page_id=469'>\n                        <img class=\"Thumb\"\n                             alt=\"Als\u00f3s szaval\u00f3verseny\"\n                             src=\"http:\/\/altisk-versend.edu.hu\/weboldal\/wp-content\/gallery\/alsos-szavaloverseny\/cache\/Als%C3%B3s-szaval%C3%B3-verseny-2016.-04.-13.-035.jpg-nggid03479-ngg0dyn-91x68-00f0w010c011r110f110r010t010.jpg\"\/>\n                    <\/a>\n                <\/div>\n                <div class=\"ngg-description\">\n                    <p><\/p>\n                                            <p class=\"ngg-album-gallery-image-counter\"><strong>35<\/strong>&nbsp;F\u00e9nyk\u00e9p<\/p>\n                                    <\/div>\n            <\/div>\n        <\/div>\n            <div class=\"ngg-album\">\n            <div class=\"ngg-albumtitle\">\n                <a class='gallery_link' href='http:\/\/altisk-versend.edu.hu\/weboldal\/index.php\/nggallery\/2015-16-os-tanev\/Any\u00e1knapja?page_id=469'>Any\u00e1knapja<\/a>\n            <\/div>\n            <div class=\"ngg-albumcontent\">\n                <div class=\"ngg-thumbnail\">\n                    <a class='gallery_link' href='http:\/\/altisk-versend.edu.hu\/weboldal\/index.php\/nggallery\/2015-16-os-tanev\/Any\u00e1knapja?page_id=469'>\n                        <img class=\"Thumb\"\n                             alt=\"Any\u00e1knapja\"\n                             src=\"http:\/\/altisk-versend.edu.hu\/weboldal\/wp-content\/gallery\/anyaknapja\/cache\/Any%C3%A1k-napja-16.05.02.-068.jpg-nggid03420-ngg0dyn-91x68-00f0w010c011r110f110r010t010.jpg\"\/>\n                    <\/a>\n                <\/div>\n                <div class=\"ngg-description\">\n                    <p><\/p>\n                                            <p class=\"ngg-album-gallery-image-counter\"><strong>59<\/strong>&nbsp;F\u00e9nyk\u00e9p<\/p>\n                                    <\/div>\n            <\/div>\n        <\/div>\n            <div class=\"ngg-album\">\n            <div class=\"ngg-albumtitle\">\n                <a class='gallery_link' href='http:\/\/altisk-versend.edu.hu\/weboldal\/index.php\/nggallery\/2015-16-os-tanev\/Ballag\u00e1s?page_id=469'>Ballag\u00e1s<\/a>\n            <\/div>\n            <div class=\"ngg-albumcontent\">\n                <div class=\"ngg-thumbnail\">\n                    <a class='gallery_link' href='http:\/\/altisk-versend.edu.hu\/weboldal\/index.php\/nggallery\/2015-16-os-tanev\/Ballag\u00e1s?page_id=469'>\n                        <img class=\"Thumb\"\n                             alt=\"Ballag\u00e1s\"\n                             src=\"http:\/\/altisk-versend.edu.hu\/weboldal\/wp-content\/gallery\/ballagas\/cache\/ballag%C3%A1s-16.06.17.-097.jpg-nggid03327-ngg0dyn-91x68-00f0w010c011r110f110r010t010.jpg\"\/>\n                    <\/a>\n                <\/div>\n                <div class=\"ngg-description\">\n                    <p><\/p>\n                                            <p class=\"ngg-album-gallery-image-counter\"><strong>93<\/strong>&nbsp;F\u00e9nyk\u00e9p<\/p>\n                                    <\/div>\n            <\/div>\n        <\/div>\n            <div class=\"ngg-album\">\n            <div class=\"ngg-albumtitle\">\n                <a class='gallery_link' href='http:\/\/altisk-versend.edu.hu\/weboldal\/index.php\/nggallery\/2015-16-os-tanev\/Di\u00e1ksport-nap?page_id=469'>Di\u00e1ksport nap<\/a>\n            <\/div>\n            <div class=\"ngg-albumcontent\">\n                <div class=\"ngg-thumbnail\">\n                    <a class='gallery_link' href='http:\/\/altisk-versend.edu.hu\/weboldal\/index.php\/nggallery\/2015-16-os-tanev\/Di\u00e1ksport-nap?page_id=469'>\n                        <img class=\"Thumb\"\n                             alt=\"Di\u00e1ksport nap\"\n                             src=\"http:\/\/altisk-versend.edu.hu\/weboldal\/wp-content\/gallery\/diaksport-nap\/cache\/di%C3%A1k-sportnap15.09.25.-040.jpg-nggid03286-ngg0dyn-91x68-00f0w010c011r110f110r010t010.jpg\"\/>\n                    <\/a>\n                <\/div>\n                <div class=\"ngg-description\">\n                    <p><\/p>\n                                            <p class=\"ngg-album-gallery-image-counter\"><strong>41<\/strong>&nbsp;F\u00e9nyk\u00e9p<\/p>\n                                    <\/div>\n            <\/div>\n        <\/div>\n            <div class=\"ngg-album\">\n            <div class=\"ngg-albumtitle\">\n                <a class='gallery_link' href='http:\/\/altisk-versend.edu.hu\/weboldal\/index.php\/nggallery\/2015-16-os-tanev\/Farsangi-b\u00e1l?page_id=469'>Farsangi b\u00e1l<\/a>\n            <\/div>\n            <div class=\"ngg-albumcontent\">\n                <div class=\"ngg-thumbnail\">\n                    <a class='gallery_link' href='http:\/\/altisk-versend.edu.hu\/weboldal\/index.php\/nggallery\/2015-16-os-tanev\/Farsangi-b\u00e1l?page_id=469'>\n                        <img class=\"Thumb\"\n                             alt=\"Farsangi b\u00e1l\"\n                             src=\"http:\/\/altisk-versend.edu.hu\/weboldal\/wp-content\/gallery\/farsangi-bal\/cache\/farsangi-b%C3%A1l-16.02.05.-073.jpg-nggid03216-ngg0dyn-91x68-00f0w010c011r110f110r010t010.jpg\"\/>\n                    <\/a>\n                <\/div>\n                <div class=\"ngg-description\">\n                    <p><\/p>\n                                            <p class=\"ngg-album-gallery-image-counter\"><strong>70<\/strong>&nbsp;F\u00e9nyk\u00e9p<\/p>\n                                    <\/div>\n            <\/div>\n        <\/div>\n            <div class=\"ngg-album\">\n            <div class=\"ngg-albumtitle\">\n                <a class='gallery_link' href='http:\/\/altisk-versend.edu.hu\/weboldal\/index.php\/nggallery\/2015-16-os-tanev\/Fels\u0151s-szaval\u00f3verseny?page_id=469'>Fels\u0151s szaval\u00f3verseny<\/a>\n            <\/div>\n            <div class=\"ngg-albumcontent\">\n                <div class=\"ngg-thumbnail\">\n                    <a class='gallery_link' href='http:\/\/altisk-versend.edu.hu\/weboldal\/index.php\/nggallery\/2015-16-os-tanev\/Fels\u0151s-szaval\u00f3verseny?page_id=469'>\n                        <img class=\"Thumb\"\n                             alt=\"Fels\u0151s szaval\u00f3verseny\"\n                             src=\"http:\/\/altisk-versend.edu.hu\/weboldal\/wp-content\/gallery\/felsos-szavaloverseny\/cache\/Fels%C5%91s-szaval%C3%B3-verseny-2016.-04.-14.-009.jpg-nggid03202-ngg0dyn-91x68-00f0w010c011r110f110r010t010.jpg\"\/>\n                    <\/a>\n                <\/div>\n                <div class=\"ngg-description\">\n                    <p><\/p>\n                                            <p class=\"ngg-album-gallery-image-counter\"><strong>14<\/strong>&nbsp;F\u00e9nyk\u00e9p<\/p>\n                                    <\/div>\n            <\/div>\n        <\/div>\n            <div class=\"ngg-album\">\n            <div class=\"ngg-albumtitle\">\n                <a class='gallery_link' href='http:\/\/altisk-versend.edu.hu\/weboldal\/index.php\/nggallery\/2015-16-os-tanev\/Gyereknap?page_id=469'>Gyereknap<\/a>\n            <\/div>\n            <div class=\"ngg-albumcontent\">\n                <div class=\"ngg-thumbnail\">\n                    <a class='gallery_link' href='http:\/\/altisk-versend.edu.hu\/weboldal\/index.php\/nggallery\/2015-16-os-tanev\/Gyereknap?page_id=469'>\n                        <img class=\"Thumb\"\n                             alt=\"Gyereknap\"\n                             src=\"http:\/\/altisk-versend.edu.hu\/weboldal\/wp-content\/gallery\/gyereknap\/cache\/gyereknap-033.jpg-nggid03169-ngg0dyn-91x68-00f0w010c011r110f110r010t010.jpg\"\/>\n                    <\/a>\n                <\/div>\n                <div class=\"ngg-description\">\n                    <p><\/p>\n                                            <p class=\"ngg-album-gallery-image-counter\"><strong>33<\/strong>&nbsp;F\u00e9nyk\u00e9p<\/p>\n                                    <\/div>\n            <\/div>\n        <\/div>\n            <div class=\"ngg-album\">\n            <div class=\"ngg-albumtitle\">\n                <a class='gallery_link' href='http:\/\/altisk-versend.edu.hu\/weboldal\/index.php\/nggallery\/2015-16-os-tanev\/H\u00fasv\u00e9tv\u00e1r\u00f3?page_id=469'>H\u00fasv\u00e9tv\u00e1r\u00f3<\/a>\n            <\/div>\n            <div class=\"ngg-albumcontent\">\n                <div class=\"ngg-thumbnail\">\n                    <a class='gallery_link' href='http:\/\/altisk-versend.edu.hu\/weboldal\/index.php\/nggallery\/2015-16-os-tanev\/H\u00fasv\u00e9tv\u00e1r\u00f3?page_id=469'>\n                        <img class=\"Thumb\"\n                             alt=\"H\u00fasv\u00e9tv\u00e1r\u00f3\"\n                             src=\"http:\/\/altisk-versend.edu.hu\/weboldal\/wp-content\/gallery\/husvetvaro\/cache\/H%C3%BAsv%C3%A9t-v%C3%A1r%C3%B3-034.jpg-nggid03135-ngg0dyn-91x68-00f0w010c011r110f110r010t010.jpg\"\/>\n                    <\/a>\n                <\/div>\n                <div class=\"ngg-description\">\n                    <p><\/p>\n                                            <p class=\"ngg-album-gallery-image-counter\"><strong>34<\/strong>&nbsp;F\u00e9nyk\u00e9p<\/p>\n                                    <\/div>\n            <\/div>\n        <\/div>\n            <div class=\"ngg-album\">\n            <div class=\"ngg-albumtitle\">\n                <a class='gallery_link' href='http:\/\/altisk-versend.edu.hu\/weboldal\/index.php\/nggallery\/2015-16-os-tanev\/\u00c1lmosv\u00f6lgyi-kir\u00e1ndul\u00e1s?page_id=469'>\u00c1lmosv\u00f6lgyi kir\u00e1ndul\u00e1s<\/a>\n            <\/div>\n            <div class=\"ngg-albumcontent\">\n                <div class=\"ngg-thumbnail\">\n                    <a class='gallery_link' href='http:\/\/altisk-versend.edu.hu\/weboldal\/index.php\/nggallery\/2015-16-os-tanev\/\u00c1lmosv\u00f6lgyi-kir\u00e1ndul\u00e1s?page_id=469'>\n                        <img class=\"Thumb\"\n                             alt=\"\u00c1lmosv\u00f6lgyi kir\u00e1ndul\u00e1s\"\n                             src=\"http:\/\/altisk-versend.edu.hu\/weboldal\/wp-content\/gallery\/almosvolgyi-kirandulas\/cache\/%C3%81lmosv%C3%B6lgy-06.15.-067.jpg-nggid0268-ngg0dyn-91x68-00f0w010c011r110f110r010t010.jpg\"\/>\n                    <\/a>\n                <\/div>\n                <div class=\"ngg-description\">\n                    <p><\/p>\n                                            <p class=\"ngg-album-gallery-image-counter\"><strong>67<\/strong>&nbsp;F\u00e9nyk\u00e9p<\/p>\n                                    <\/div>\n            <\/div>\n        <\/div>\n            <div class=\"ngg-album\">\n            <div class=\"ngg-albumtitle\">\n                <a class='gallery_link' href='http:\/\/altisk-versend.edu.hu\/weboldal\/index.php\/nggallery\/2015-16-os-tanev\/M\u00e9hecske-b\u00e1b-el\u0151ad\u00e1s?page_id=469'>M\u00e9hecske b\u00e1b el\u0151ad\u00e1s<\/a>\n            <\/div>\n            <div class=\"ngg-albumcontent\">\n                <div class=\"ngg-thumbnail\">\n                    <a class='gallery_link' href='http:\/\/altisk-versend.edu.hu\/weboldal\/index.php\/nggallery\/2015-16-os-tanev\/M\u00e9hecske-b\u00e1b-el\u0151ad\u00e1s?page_id=469'>\n                        <img class=\"Thumb\"\n                             alt=\"M\u00e9hecske b\u00e1b el\u0151ad\u00e1s\"\n                             src=\"http:\/\/altisk-versend.edu.hu\/weboldal\/wp-content\/gallery\/mehecske-bab-eloadas\/cache\/B%C3%A1b-el%C5%91ad%C3%A1s-03.16.-017.jpg-nggid0248-ngg0dyn-91x68-00f0w010c011r110f110r010t010.jpg\"\/>\n                    <\/a>\n                <\/div>\n                <div class=\"ngg-description\">\n                    <p><\/p>\n                                            <p class=\"ngg-album-gallery-image-counter\"><strong>20<\/strong>&nbsp;F\u00e9nyk\u00e9p<\/p>\n                                    <\/div>\n            <\/div>\n        <\/div>\n            <div class=\"ngg-album\">\n            <div class=\"ngg-albumtitle\">\n                <a class='gallery_link' href='http:\/\/altisk-versend.edu.hu\/weboldal\/index.php\/nggallery\/2015-16-os-tanev\/Okt.-23-\u00fcnnep\u00e9ly?page_id=469'>Okt. 23 \u00fcnnep\u00e9ly<\/a>\n            <\/div>\n            <div class=\"ngg-albumcontent\">\n                <div class=\"ngg-thumbnail\">\n                    <a class='gallery_link' href='http:\/\/altisk-versend.edu.hu\/weboldal\/index.php\/nggallery\/2015-16-os-tanev\/Okt.-23-\u00fcnnep\u00e9ly?page_id=469'>\n                        <img class=\"Thumb\"\n                             alt=\"Okt. 23 \u00fcnnep\u00e9ly\"\n                             src=\"http:\/\/altisk-versend.edu.hu\/weboldal\/wp-content\/gallery\/okt-23-unnepely\/cache\/Okt.-23.-014.jpg-nggid0234-ngg0dyn-91x68-00f0w010c011r110f110r010t010.jpg\"\/>\n                    <\/a>\n                <\/div>\n                <div class=\"ngg-description\">\n                    <p><\/p>\n                                            <p class=\"ngg-album-gallery-image-counter\"><strong>14<\/strong>&nbsp;F\u00e9nyk\u00e9p<\/p>\n                                    <\/div>\n            <\/div>\n        <\/div>\n            <div class=\"ngg-album\">\n            <div class=\"ngg-albumtitle\">\n                <a class='gallery_link' href='http:\/\/altisk-versend.edu.hu\/weboldal\/index.php\/nggallery\/2015-16-os-tanev\/Sz\u00fcreti-b\u00e1l?page_id=469'>Sz\u00fcreti b\u00e1l<\/a>\n            <\/div>\n            <div class=\"ngg-albumcontent\">\n                <div class=\"ngg-thumbnail\">\n                    <a class='gallery_link' href='http:\/\/altisk-versend.edu.hu\/weboldal\/index.php\/nggallery\/2015-16-os-tanev\/Sz\u00fcreti-b\u00e1l?page_id=469'>\n                        <img class=\"Thumb\"\n                             alt=\"Sz\u00fcreti b\u00e1l\"\n                             src=\"http:\/\/altisk-versend.edu.hu\/weboldal\/wp-content\/gallery\/szureti-bal\/cache\/sz%C3%BCreti-b%C3%A1l-034.jpg-nggid011-ngg0dyn-91x68-00f0w010c011r110f110r010t010.jpg\"\/>\n                    <\/a>\n                <\/div>\n                <div class=\"ngg-description\">\n                    <p><\/p>\n                                            <p class=\"ngg-album-gallery-image-counter\"><strong>33<\/strong>&nbsp;F\u00e9nyk\u00e9p<\/p>\n                                    <\/div>\n            <\/div>\n        <\/div>\n        <div class='ngg-clear'><\/div><\/div>\n\n","protected":false},"excerpt":{"rendered":"","protected":false},"author":1,"featured_media":0,"parent":0,"menu_order":0,"comment_status":"closed","ping_status":"closed","template":"","meta":{"ngg_post_thumbnail":0},"_links":{"self":[{"href":"http:\/\/altisk-versend.edu.hu\/weboldal\/index.php?rest_route=\/wp\/v2\/pages\/469"}],"collection":[{"href":"http:\/\/altisk-versend.edu.hu\/weboldal\/index.php?rest_route=\/wp\/v2\/pages"}],"about":[{"href":"http:\/\/altisk-versend.edu.hu\/weboldal\/index.php?rest_route=\/wp\/v2\/types\/page"}],"author":[{"embeddable":true,"href":"http:\/\/altisk-versend.edu.hu\/weboldal\/index.php?rest_route=\/wp\/v2\/users\/1"}],"replies":[{"embeddable":true,"href":"http:\/\/altisk-versend.edu.hu\/weboldal\/index.php?rest_route=%2Fwp%2Fv2%2Fcomments&post=469"}],"version-history":[{"count":2,"href":"http:\/\/altisk-versend.edu.hu\/weboldal\/index.php?rest_route=\/wp\/v2\/pages\/469\/revisions"}],"predecessor-version":[{"id":1057,"href":"http:\/\/altisk-versend.edu.hu\/weboldal\/index.php?rest_route=\/wp\/v2\/pages\/469\/revisions\/1057"}],"wp:attachment":[{"href":"http:\/\/altisk-versend.edu.hu\/weboldal\/index.php?rest_route=%2Fwp%2Fv2%2Fmedia&parent=469"}],"curies":[{"name":"wp","href":"https:\/\/api.w.org\/{rel}","templated":true}]}}