{"id":4624,"date":"2022-10-18T11:47:46","date_gmt":"2022-10-18T09:47:46","guid":{"rendered":"http:\/\/altisk-versend.edu.hu\/weboldal\/?page_id=4624"},"modified":"2022-10-18T11:47:48","modified_gmt":"2022-10-18T09:47:48","slug":"2022-23-as-tanev","status":"publish","type":"page","link":"http:\/\/altisk-versend.edu.hu\/weboldal\/?page_id=4624","title":{"rendered":"2022\/23-as tan\u00e9v"},"content":{"rendered":"\n<div class=\"ngg-albumoverview\">\n            <div class=\"ngg-album\">\n            <div class=\"ngg-albumtitle\">\n                <a class='gallery_link' href='http:\/\/altisk-versend.edu.hu\/weboldal\/index.php\/nggallery\/2022-23-as-tanev\/ballagas-2023?page_id=4624'>Ballag\u00e1s 2023<\/a>\n            <\/div>\n            <div class=\"ngg-albumcontent\">\n                <div class=\"ngg-thumbnail\">\n                    <a class='gallery_link' href='http:\/\/altisk-versend.edu.hu\/weboldal\/index.php\/nggallery\/2022-23-as-tanev\/ballagas-2023?page_id=4624'>\n                        <img class=\"Thumb\"\n                             alt=\"Ballag\u00e1s 2023\"\n                             src=\"http:\/\/altisk-versend.edu.hu\/weboldal\/wp-content\/gallery\/ballagas-2023\/cache\/DSC02452.JPG-nggid043806-ngg0dyn-91x68-00f0w010c011r110f110r010t010.JPG\"\/>\n                    <\/a>\n                <\/div>\n                <div class=\"ngg-description\">\n                    <p><\/p>\n                                            <p class=\"ngg-album-gallery-image-counter\"><strong>68<\/strong>&nbsp;F\u00e9nyk\u00e9p<\/p>\n                                    <\/div>\n            <\/div>\n        <\/div>\n            <div class=\"ngg-album\">\n            <div class=\"ngg-albumtitle\">\n                <a class='gallery_link' href='http:\/\/altisk-versend.edu.hu\/weboldal\/index.php\/nggallery\/2022-23-as-tanev\/roma-projekt-zaro-versenye?page_id=4624'>Roma projekt z\u00e1r\u00f3 versenye<\/a>\n            <\/div>\n            <div class=\"ngg-albumcontent\">\n                <div class=\"ngg-thumbnail\">\n                    <a class='gallery_link' href='http:\/\/altisk-versend.edu.hu\/weboldal\/index.php\/nggallery\/2022-23-as-tanev\/roma-projekt-zaro-versenye?page_id=4624'>\n                        <img class=\"Thumb\"\n                             alt=\"Roma projekt z\u00e1r\u00f3 versenye\"\n                             src=\"http:\/\/altisk-versend.edu.hu\/weboldal\/wp-content\/gallery\/roma-projekt-zaro-versenye\/cache\/DSC02287.JPG-nggid043694-ngg0dyn-91x68-00f0w010c011r110f110r010t010.JPG\"\/>\n                    <\/a>\n                <\/div>\n                <div class=\"ngg-description\">\n                    <p><\/p>\n                                            <p class=\"ngg-album-gallery-image-counter\"><strong>111<\/strong>&nbsp;F\u00e9nyk\u00e9p<\/p>\n                                    <\/div>\n            <\/div>\n        <\/div>\n            <div class=\"ngg-album\">\n            <div class=\"ngg-albumtitle\">\n                <a class='gallery_link' href='http:\/\/altisk-versend.edu.hu\/weboldal\/index.php\/nggallery\/2022-23-as-tanev\/alsos-versmondo-verseny-2023-04-18?page_id=4624'>Als\u00f3s versmond\u00f3 verseny 2023.04.18.<\/a>\n            <\/div>\n            <div class=\"ngg-albumcontent\">\n                <div class=\"ngg-thumbnail\">\n                    <a class='gallery_link' href='http:\/\/altisk-versend.edu.hu\/weboldal\/index.php\/nggallery\/2022-23-as-tanev\/alsos-versmondo-verseny-2023-04-18?page_id=4624'>\n                        <img class=\"Thumb\"\n                             alt=\"Als\u00f3s versmond\u00f3 verseny 2023.04.18.\"\n                             src=\"http:\/\/altisk-versend.edu.hu\/weboldal\/wp-content\/gallery\/alsos-versmondo-verseny-2023-04-18\/cache\/DSC02146.JPG-nggid043664-ngg0dyn-91x68-00f0w010c011r110f110r010t010.JPG\"\/>\n                    <\/a>\n                <\/div>\n                <div class=\"ngg-description\">\n                    <p><\/p>\n                                            <p class=\"ngg-album-gallery-image-counter\"><strong>27<\/strong>&nbsp;F\u00e9nyk\u00e9p<\/p>\n                                    <\/div>\n            <\/div>\n        <\/div>\n            <div class=\"ngg-album\">\n            <div class=\"ngg-albumtitle\">\n                <a class='gallery_link' href='http:\/\/altisk-versend.edu.hu\/weboldal\/index.php\/nggallery\/2022-23-as-tanev\/nagycsoportosok-az-iskolaban-2023-04-05?page_id=4624'>Nagycsoportosok az iskol\u00e1ban 2023.04.05.<\/a>\n            <\/div>\n            <div class=\"ngg-albumcontent\">\n                <div class=\"ngg-thumbnail\">\n                    <a class='gallery_link' href='http:\/\/altisk-versend.edu.hu\/weboldal\/index.php\/nggallery\/2022-23-as-tanev\/nagycsoportosok-az-iskolaban-2023-04-05?page_id=4624'>\n                        <img class=\"Thumb\"\n                             alt=\"Nagycsoportosok az iskol\u00e1ban 2023.04.05.\"\n                             src=\"http:\/\/altisk-versend.edu.hu\/weboldal\/wp-content\/gallery\/nagy-csoportostok-az-iskolaban\/cache\/IMG20230405091643.jpg-nggid043658-ngg0dyn-91x68-00f0w010c011r110f110r010t010.jpg\"\/>\n                    <\/a>\n                <\/div>\n                <div class=\"ngg-description\">\n                    <p>2023. 04. 05.-\u00e9n a nagycsoportos ovisok l\u00e1togattak el iskol\u00e1nk els\u0151seihez ismerkedni az iskol\u00e1sok \u00e9let\u00e9vel.<\/p>\n                                            <p class=\"ngg-album-gallery-image-counter\"><strong>4<\/strong>&nbsp;F\u00e9nyk\u00e9p<\/p>\n                                    <\/div>\n            <\/div>\n        <\/div>\n            <div class=\"ngg-album\">\n            <div class=\"ngg-albumtitle\">\n                <a class='gallery_link' href='http:\/\/altisk-versend.edu.hu\/weboldal\/index.php\/nggallery\/2022-23-as-tanev\/alsos-matematika-verseny-2023-marcius-23?page_id=4624'>Als\u00f3s matematika verseny 2023. m\u00e1rcius 23.<\/a>\n            <\/div>\n            <div class=\"ngg-albumcontent\">\n                <div class=\"ngg-thumbnail\">\n                    <a class='gallery_link' href='http:\/\/altisk-versend.edu.hu\/weboldal\/index.php\/nggallery\/2022-23-as-tanev\/alsos-matematika-verseny-2023-marcius-23?page_id=4624'>\n                        <img class=\"Thumb\"\n                             alt=\"Als\u00f3s matematika verseny 2023. m\u00e1rcius 23.\"\n                             src=\"http:\/\/altisk-versend.edu.hu\/weboldal\/wp-content\/gallery\/alsos-matematika-verseny\/cache\/IMG20230323140607.jpg-nggid043656-ngg0dyn-91x68-00f0w010c011r110f110r010t010.jpg\"\/>\n                    <\/a>\n                <\/div>\n                <div class=\"ngg-description\">\n                    <p><\/p>\n                                            <p class=\"ngg-album-gallery-image-counter\"><strong>3<\/strong>&nbsp;F\u00e9nyk\u00e9p<\/p>\n                                    <\/div>\n            <\/div>\n        <\/div>\n            <div class=\"ngg-album\">\n            <div class=\"ngg-albumtitle\">\n                <a class='gallery_link' href='http:\/\/altisk-versend.edu.hu\/weboldal\/index.php\/nggallery\/2022-23-as-tanev\/felsos-matematika-verseny-2023-marcius-16?page_id=4624'>Fels\u0151s matematika verseny 2023. m\u00e1rcius 16.<\/a>\n            <\/div>\n            <div class=\"ngg-albumcontent\">\n                <div class=\"ngg-thumbnail\">\n                    <a class='gallery_link' href='http:\/\/altisk-versend.edu.hu\/weboldal\/index.php\/nggallery\/2022-23-as-tanev\/felsos-matematika-verseny-2023-marcius-16?page_id=4624'>\n                        <img class=\"Thumb\"\n                             alt=\"Fels\u0151s matematika verseny 2023. m\u00e1rcius 16.\"\n                             src=\"http:\/\/altisk-versend.edu.hu\/weboldal\/wp-content\/gallery\/felsos-matematika-verseny-2023-marcius-16\/cache\/DSC02106.JPG-nggid043654-ngg0dyn-91x68-00f0w010c011r110f110r010t010.JPG\"\/>\n                    <\/a>\n                <\/div>\n                <div class=\"ngg-description\">\n                    <p><\/p>\n                                            <p class=\"ngg-album-gallery-image-counter\"><strong>5<\/strong>&nbsp;F\u00e9nyk\u00e9p<\/p>\n                                    <\/div>\n            <\/div>\n        <\/div>\n            <div class=\"ngg-album\">\n            <div class=\"ngg-albumtitle\">\n                <a class='gallery_link' href='http:\/\/altisk-versend.edu.hu\/weboldal\/index.php\/nggallery\/2022-23-as-tanev\/marcius-15-i-musor-2023?page_id=4624'>M\u00e1rcius 15-i m\u0171sor 2023<\/a>\n            <\/div>\n            <div class=\"ngg-albumcontent\">\n                <div class=\"ngg-thumbnail\">\n                    <a class='gallery_link' href='http:\/\/altisk-versend.edu.hu\/weboldal\/index.php\/nggallery\/2022-23-as-tanev\/marcius-15-i-musor-2023?page_id=4624'>\n                        <img class=\"Thumb\"\n                             alt=\"M\u00e1rcius 15-i m\u0171sor 2023\"\n                             src=\"http:\/\/altisk-versend.edu.hu\/weboldal\/wp-content\/gallery\/marcius-15-i-musor-2023\/cache\/DSC02098.JPG-nggid043639-ngg0dyn-91x68-00f0w010c011r110f110r010t010.JPG\"\/>\n                    <\/a>\n                <\/div>\n                <div class=\"ngg-description\">\n                    <p><\/p>\n                                            <p class=\"ngg-album-gallery-image-counter\"><strong>12<\/strong>&nbsp;F\u00e9nyk\u00e9p<\/p>\n                                    <\/div>\n            <\/div>\n        <\/div>\n            <div class=\"ngg-album\">\n            <div class=\"ngg-albumtitle\">\n                <a class='gallery_link' href='http:\/\/altisk-versend.edu.hu\/weboldal\/index.php\/nggallery\/2022-23-as-tanev\/farsangi-bal-2023?page_id=4624'>Farsangi b\u00e1l 2023<\/a>\n            <\/div>\n            <div class=\"ngg-albumcontent\">\n                <div class=\"ngg-thumbnail\">\n                    <a class='gallery_link' href='http:\/\/altisk-versend.edu.hu\/weboldal\/index.php\/nggallery\/2022-23-as-tanev\/farsangi-bal-2023?page_id=4624'>\n                        <img class=\"Thumb\"\n                             alt=\"Farsangi b\u00e1l 2023\"\n                             src=\"http:\/\/altisk-versend.edu.hu\/weboldal\/wp-content\/gallery\/farsangi-bal-2023\/cache\/DSC02040.JPG-nggid043587-ngg0dyn-91x68-00f0w010c011r110f110r010t010.JPG\"\/>\n                    <\/a>\n                <\/div>\n                <div class=\"ngg-description\">\n                    <p>K\u00f6sz\u00f6nj\u00fck a 2023.02.10-\u00e9n megtartott b\u00e1lunk szervez\u00e9s\u00e9hez ny\u00fajtott seg\u00edts\u00e9g\u00fcket:\r\nVersendi \u00d6nkorm\u00e1nyzat,\r\nSz\u00fcl\u0151i k\u00f6z\u00f6ss\u00e9g,\r\na tombola nyerem\u00e9nyeket felaj\u00e1nl\u00f3knak,\r\nminden be\u00f6lt\u00f6z\u00f6tt tanul\u00f3nak.\r\nRem\u00e9lj\u00fck mindenki j\u00f3l \u00e9rezte mag\u00e1t!<\/p>\n                                            <p class=\"ngg-album-gallery-image-counter\"><strong>51<\/strong>&nbsp;F\u00e9nyk\u00e9p<\/p>\n                                    <\/div>\n            <\/div>\n        <\/div>\n            <div class=\"ngg-album\">\n            <div class=\"ngg-albumtitle\">\n                <a class='gallery_link' href='http:\/\/altisk-versend.edu.hu\/weboldal\/index.php\/nggallery\/2022-23-as-tanev\/karacsonyi-musor-2022?page_id=4624'>Kar\u00e1csonyi m\u0171sor 2022<\/a>\n            <\/div>\n            <div class=\"ngg-albumcontent\">\n                <div class=\"ngg-thumbnail\">\n                    <a class='gallery_link' href='http:\/\/altisk-versend.edu.hu\/weboldal\/index.php\/nggallery\/2022-23-as-tanev\/karacsonyi-musor-2022?page_id=4624'>\n                        <img class=\"Thumb\"\n                             alt=\"Kar\u00e1csonyi m\u0171sor 2022\"\n                             src=\"http:\/\/altisk-versend.edu.hu\/weboldal\/wp-content\/gallery\/karacsonyi-musor-2022\/cache\/DSC01972.JPG-nggid043553-ngg0dyn-91x68-00f0w010c011r110f110r010t010.JPG\"\/>\n                    <\/a>\n                <\/div>\n                <div class=\"ngg-description\">\n                    <p><\/p>\n                                            <p class=\"ngg-album-gallery-image-counter\"><strong>35<\/strong>&nbsp;F\u00e9nyk\u00e9p<\/p>\n                                    <\/div>\n            <\/div>\n        <\/div>\n            <div class=\"ngg-album\">\n            <div class=\"ngg-albumtitle\">\n                <a class='gallery_link' href='http:\/\/altisk-versend.edu.hu\/weboldal\/index.php\/nggallery\/2022-23-as-tanev\/karacsonyi-vasar-2022?page_id=4624'>Kar\u00e1csonyi v\u00e1s\u00e1r 2022<\/a>\n            <\/div>\n            <div class=\"ngg-albumcontent\">\n                <div class=\"ngg-thumbnail\">\n                    <a class='gallery_link' href='http:\/\/altisk-versend.edu.hu\/weboldal\/index.php\/nggallery\/2022-23-as-tanev\/karacsonyi-vasar-2022?page_id=4624'>\n                        <img class=\"Thumb\"\n                             alt=\"Kar\u00e1csonyi v\u00e1s\u00e1r 2022\"\n                             src=\"http:\/\/altisk-versend.edu.hu\/weboldal\/wp-content\/gallery\/karacsonyi-vasar-2022\/cache\/DSC01925.JPG-nggid043503-ngg0dyn-91x68-00f0w010c011r110f110r010t010.JPG\"\/>\n                    <\/a>\n                <\/div>\n                <div class=\"ngg-description\">\n                    <p><\/p>\n                                            <p class=\"ngg-album-gallery-image-counter\"><strong>50<\/strong>&nbsp;F\u00e9nyk\u00e9p<\/p>\n                                    <\/div>\n            <\/div>\n        <\/div>\n            <div class=\"ngg-album\">\n            <div class=\"ngg-albumtitle\">\n                <a class='gallery_link' href='http:\/\/altisk-versend.edu.hu\/weboldal\/index.php\/nggallery\/2022-23-as-tanev\/2022-oktober-23-i-unnepely?page_id=4624'>2022. okt\u00f3ber 23-i \u00fcnnep\u00e9ly<\/a>\n            <\/div>\n            <div class=\"ngg-albumcontent\">\n                <div class=\"ngg-thumbnail\">\n                    <a class='gallery_link' href='http:\/\/altisk-versend.edu.hu\/weboldal\/index.php\/nggallery\/2022-23-as-tanev\/2022-oktober-23-i-unnepely?page_id=4624'>\n                        <img class=\"Thumb\"\n                             alt=\"2022. okt\u00f3ber 23-i \u00fcnnep\u00e9ly\"\n                             src=\"http:\/\/altisk-versend.edu.hu\/weboldal\/wp-content\/gallery\/2022-oktober-23-i-unnepely\/cache\/DSC01798.JPG-nggid043498-ngg0dyn-91x68-00f0w010c011r110f110r010t010.JPG\"\/>\n                    <\/a>\n                <\/div>\n                <div class=\"ngg-description\">\n                    <p><\/p>\n                                            <p class=\"ngg-album-gallery-image-counter\"><strong>8<\/strong>&nbsp;F\u00e9nyk\u00e9p<\/p>\n                                    <\/div>\n            <\/div>\n        <\/div>\n            <div class=\"ngg-album\">\n            <div class=\"ngg-albumtitle\">\n                <a class='gallery_link' href='http:\/\/altisk-versend.edu.hu\/weboldal\/index.php\/nggallery\/2022-23-as-tanev\/gesztenye-szedes?page_id=4624'>Gesztenye szed\u00e9s<\/a>\n            <\/div>\n            <div class=\"ngg-albumcontent\">\n                <div class=\"ngg-thumbnail\">\n                    <a class='gallery_link' href='http:\/\/altisk-versend.edu.hu\/weboldal\/index.php\/nggallery\/2022-23-as-tanev\/gesztenye-szedes?page_id=4624'>\n                        <img class=\"Thumb\"\n                             alt=\"Gesztenye szed\u00e9s\"\n                             src=\"http:\/\/altisk-versend.edu.hu\/weboldal\/wp-content\/gallery\/gesztenye-szedes\/cache\/IMG_20221015_101254.jpg-nggid043493-ngg0dyn-91x68-00f0w010c011r110f110r010t010.jpg\"\/>\n                    <\/a>\n                <\/div>\n                <div class=\"ngg-description\">\n                    <p>2022. 10. 16-\u00e1n gesztenye szed\u00e9st szervezett az SZK a  iskol\u00e1val. Sok geszteny\u00e9t szedtek a tanul\u00f3k, \u00e9s \u00e9rt\u00e9kes nyerem\u00e9nyeket kaptak a legt\u00f6bbet szed\u0151k.<\/p>\n                                            <p class=\"ngg-album-gallery-image-counter\"><strong>5<\/strong>&nbsp;F\u00e9nyk\u00e9p<\/p>\n                                    <\/div>\n            <\/div>\n        <\/div>\n            <div class=\"ngg-album\">\n            <div class=\"ngg-albumtitle\">\n                <a class='gallery_link' href='http:\/\/altisk-versend.edu.hu\/weboldal\/index.php\/nggallery\/2022-23-as-tanev\/szureti-bal-2022?page_id=4624'>Sz\u00fcreti b\u00e1l 2022<\/a>\n            <\/div>\n            <div class=\"ngg-albumcontent\">\n                <div class=\"ngg-thumbnail\">\n                    <a class='gallery_link' href='http:\/\/altisk-versend.edu.hu\/weboldal\/index.php\/nggallery\/2022-23-as-tanev\/szureti-bal-2022?page_id=4624'>\n                        <img class=\"Thumb\"\n                             alt=\"Sz\u00fcreti b\u00e1l 2022\"\n                             src=\"http:\/\/altisk-versend.edu.hu\/weboldal\/wp-content\/gallery\/szureti-bal-2022\/cache\/DSC01788.JPG-nggid043366-ngg0dyn-91x68-00f0w010c011r110f110r010t010.JPG\"\/>\n                    <\/a>\n                <\/div>\n                <div class=\"ngg-description\">\n                    <p><\/p>\n                                            <p class=\"ngg-album-gallery-image-counter\"><strong>128<\/strong>&nbsp;F\u00e9nyk\u00e9p<\/p>\n                                    <\/div>\n            <\/div>\n        <\/div>\n        <div class='ngg-clear'><\/div><\/div>\n\n","protected":false},"excerpt":{"rendered":"","protected":false},"author":1,"featured_media":0,"parent":0,"menu_order":0,"comment_status":"closed","ping_status":"closed","template":"","meta":{"ngg_post_thumbnail":0},"_links":{"self":[{"href":"http:\/\/altisk-versend.edu.hu\/weboldal\/index.php?rest_route=\/wp\/v2\/pages\/4624"}],"collection":[{"href":"http:\/\/altisk-versend.edu.hu\/weboldal\/index.php?rest_route=\/wp\/v2\/pages"}],"about":[{"href":"http:\/\/altisk-versend.edu.hu\/weboldal\/index.php?rest_route=\/wp\/v2\/types\/page"}],"author":[{"embeddable":true,"href":"http:\/\/altisk-versend.edu.hu\/weboldal\/index.php?rest_route=\/wp\/v2\/users\/1"}],"replies":[{"embeddable":true,"href":"http:\/\/altisk-versend.edu.hu\/weboldal\/index.php?rest_route=%2Fwp%2Fv2%2Fcomments&post=4624"}],"version-history":[{"count":1,"href":"http:\/\/altisk-versend.edu.hu\/weboldal\/index.php?rest_route=\/wp\/v2\/pages\/4624\/revisions"}],"predecessor-version":[{"id":4625,"href":"http:\/\/altisk-versend.edu.hu\/weboldal\/index.php?rest_route=\/wp\/v2\/pages\/4624\/revisions\/4625"}],"wp:attachment":[{"href":"http:\/\/altisk-versend.edu.hu\/weboldal\/index.php?rest_route=%2Fwp%2Fv2%2Fmedia&parent=4624"}],"curies":[{"name":"wp","href":"https:\/\/api.w.org\/{rel}","templated":true}]}}