{"id":3607,"date":"2020-11-04T15:27:18","date_gmt":"2020-11-04T14:27:18","guid":{"rendered":"http:\/\/altisk-versend.sulinet.hu\/weboldal\/?page_id=3607"},"modified":"2021-09-29T11:13:51","modified_gmt":"2021-09-29T09:13:51","slug":"2020-21-es-tanev","status":"publish","type":"page","link":"http:\/\/altisk-versend.edu.hu\/weboldal\/?page_id=3607","title":{"rendered":"2020\/21-es tan\u00e9v"},"content":{"rendered":"\n<div class=\"ngg-albumoverview\">\n            <div class=\"ngg-album\">\n            <div class=\"ngg-albumtitle\">\n                <a class='gallery_link' href='http:\/\/altisk-versend.edu.hu\/weboldal\/index.php\/nggallery\/2020-21-es-tanev\/tanevzaro-es-ballagas-2021?page_id=3607'>Tan\u00e9vz\u00e1r\u00f3 \u00e9s Ballag\u00e1s 2021<\/a>\n            <\/div>\n            <div class=\"ngg-albumcontent\">\n                <div class=\"ngg-thumbnail\">\n                    <a class='gallery_link' href='http:\/\/altisk-versend.edu.hu\/weboldal\/index.php\/nggallery\/2020-21-es-tanev\/tanevzaro-es-ballagas-2021?page_id=3607'>\n                        <img class=\"Thumb\"\n                             alt=\"Tan\u00e9vz\u00e1r\u00f3 \u00e9s Ballag\u00e1s 2021\"\n                             src=\"http:\/\/altisk-versend.edu.hu\/weboldal\/wp-content\/gallery\/ballagas-2021\/cache\/DSC01066.JPG-nggid042893-ngg0dyn-91x68-00f0w010c011r110f110r010t010.JPG\"\/>\n                    <\/a>\n                <\/div>\n                <div class=\"ngg-description\">\n                    <p><\/p>\n                                            <p class=\"ngg-album-gallery-image-counter\"><strong>69<\/strong>&nbsp;F\u00e9nyk\u00e9p<\/p>\n                                    <\/div>\n            <\/div>\n        <\/div>\n            <div class=\"ngg-album\">\n            <div class=\"ngg-albumtitle\">\n                <a class='gallery_link' href='http:\/\/altisk-versend.edu.hu\/weboldal\/index.php\/nggallery\/2020-21-es-tanev\/sportnap-2020-09-25?page_id=3607'>Sportnap 2020.09.25.<\/a>\n            <\/div>\n            <div class=\"ngg-albumcontent\">\n                <div class=\"ngg-thumbnail\">\n                    <a class='gallery_link' href='http:\/\/altisk-versend.edu.hu\/weboldal\/index.php\/nggallery\/2020-21-es-tanev\/sportnap-2020-09-25?page_id=3607'>\n                        <img class=\"Thumb\"\n                             alt=\"Sportnap 2020.09.25.\"\n                             src=\"http:\/\/altisk-versend.edu.hu\/weboldal\/wp-content\/gallery\/sportnap-2020-09-25\/cache\/DSC00888.JPG-nggid042694-ngg0dyn-91x68-00f0w010c011r110f110r010t010.JPG\"\/>\n                    <\/a>\n                <\/div>\n                <div class=\"ngg-description\">\n                    <p><\/p>\n                                            <p class=\"ngg-album-gallery-image-counter\"><strong>93<\/strong>&nbsp;F\u00e9nyk\u00e9p<\/p>\n                                    <\/div>\n            <\/div>\n        <\/div>\n            <div class=\"ngg-album\">\n            <div class=\"ngg-albumtitle\">\n                <a class='gallery_link' href='http:\/\/altisk-versend.edu.hu\/weboldal\/index.php\/nggallery\/2020-21-es-tanev\/tanevnyito-2020-09-01?page_id=3607'>Tan\u00e9vnyit\u00f3 2020.09.01.<\/a>\n            <\/div>\n            <div class=\"ngg-albumcontent\">\n                <div class=\"ngg-thumbnail\">\n                    <a class='gallery_link' href='http:\/\/altisk-versend.edu.hu\/weboldal\/index.php\/nggallery\/2020-21-es-tanev\/tanevnyito-2020-09-01?page_id=3607'>\n                        <img class=\"Thumb\"\n                             alt=\"Tan\u00e9vnyit\u00f3 2020.09.01.\"\n                             src=\"http:\/\/altisk-versend.edu.hu\/weboldal\/wp-content\/gallery\/tanevnyito-2020-09-01\/cache\/DSC00865.JPG-nggid042668-ngg0dyn-91x68-00f0w010c011r110f110r010t010.JPG\"\/>\n                    <\/a>\n                <\/div>\n                <div class=\"ngg-description\">\n                    <p><\/p>\n                                            <p class=\"ngg-album-gallery-image-counter\"><strong>26<\/strong>&nbsp;F\u00e9nyk\u00e9p<\/p>\n                                    <\/div>\n            <\/div>\n        <\/div>\n        <div class='ngg-clear'><\/div><\/div>\n\n","protected":false},"excerpt":{"rendered":"","protected":false},"author":1,"featured_media":0,"parent":0,"menu_order":0,"comment_status":"closed","ping_status":"closed","template":"","meta":{"ngg_post_thumbnail":0},"_links":{"self":[{"href":"http:\/\/altisk-versend.edu.hu\/weboldal\/index.php?rest_route=\/wp\/v2\/pages\/3607"}],"collection":[{"href":"http:\/\/altisk-versend.edu.hu\/weboldal\/index.php?rest_route=\/wp\/v2\/pages"}],"about":[{"href":"http:\/\/altisk-versend.edu.hu\/weboldal\/index.php?rest_route=\/wp\/v2\/types\/page"}],"author":[{"embeddable":true,"href":"http:\/\/altisk-versend.edu.hu\/weboldal\/index.php?rest_route=\/wp\/v2\/users\/1"}],"replies":[{"embeddable":true,"href":"http:\/\/altisk-versend.edu.hu\/weboldal\/index.php?rest_route=%2Fwp%2Fv2%2Fcomments&post=3607"}],"version-history":[{"count":3,"href":"http:\/\/altisk-versend.edu.hu\/weboldal\/index.php?rest_route=\/wp\/v2\/pages\/3607\/revisions"}],"predecessor-version":[{"id":3915,"href":"http:\/\/altisk-versend.edu.hu\/weboldal\/index.php?rest_route=\/wp\/v2\/pages\/3607\/revisions\/3915"}],"wp:attachment":[{"href":"http:\/\/altisk-versend.edu.hu\/weboldal\/index.php?rest_route=%2Fwp%2Fv2%2Fmedia&parent=3607"}],"curies":[{"name":"wp","href":"https:\/\/api.w.org\/{rel}","templated":true}]}}