{"id":3213,"date":"2019-11-05T11:38:38","date_gmt":"2019-11-05T10:38:38","guid":{"rendered":"http:\/\/altisk-versend.sulinet.hu\/weboldal\/?page_id=3213"},"modified":"2019-11-05T11:38:38","modified_gmt":"2019-11-05T10:38:38","slug":"2019-20-as-tanev","status":"publish","type":"page","link":"http:\/\/altisk-versend.edu.hu\/weboldal\/?page_id=3213","title":{"rendered":"2019\/20-as tan\u00e9v"},"content":{"rendered":"\n<div class=\"ngg-albumoverview\">\n            <div class=\"ngg-album\">\n            <div class=\"ngg-albumtitle\">\n                <a class='gallery_link' href='http:\/\/altisk-versend.edu.hu\/weboldal\/index.php\/nggallery\/2019-2020-as-tanev\/ballagas-2020-06-19?page_id=3213'>Ballag\u00e1s-2020.06.19<\/a>\n            <\/div>\n            <div class=\"ngg-albumcontent\">\n                <div class=\"ngg-thumbnail\">\n                    <a class='gallery_link' href='http:\/\/altisk-versend.edu.hu\/weboldal\/index.php\/nggallery\/2019-2020-as-tanev\/ballagas-2020-06-19?page_id=3213'>\n                        <img class=\"Thumb\"\n                             alt=\"Ballag\u00e1s-2020.06.19\"\n                             src=\"http:\/\/altisk-versend.edu.hu\/weboldal\/wp-content\/gallery\/ballagas-2020-06-19\/cache\/DSC00753.JPG-nggid042561-ngg0dyn-91x68-00f0w010c011r110f110r010t010.JPG\"\/>\n                    <\/a>\n                <\/div>\n                <div class=\"ngg-description\">\n                    <p><\/p>\n                                            <p class=\"ngg-album-gallery-image-counter\"><strong>107<\/strong>&nbsp;F\u00e9nyk\u00e9p<\/p>\n                                    <\/div>\n            <\/div>\n        <\/div>\n            <div class=\"ngg-album\">\n            <div class=\"ngg-albumtitle\">\n                <a class='gallery_link' href='http:\/\/altisk-versend.edu.hu\/weboldal\/index.php\/nggallery\/2019-2020-as-tanev\/kanadai-buvesz-musora-a-versendi-iskolaban?page_id=3213'>Kanadai b\u0171v\u00e9sz m\u0171sora a Versendi Iskol\u00e1ban<\/a>\n            <\/div>\n            <div class=\"ngg-albumcontent\">\n                <div class=\"ngg-thumbnail\">\n                    <a class='gallery_link' href='http:\/\/altisk-versend.edu.hu\/weboldal\/index.php\/nggallery\/2019-2020-as-tanev\/kanadai-buvesz-musora-a-versendi-iskolaban?page_id=3213'>\n                        <img class=\"Thumb\"\n                             alt=\"Kanadai b\u0171v\u00e9sz m\u0171sora a Versendi Iskol\u00e1ban\"\n                             src=\"http:\/\/altisk-versend.edu.hu\/weboldal\/wp-content\/gallery\/kanadai-buvesz-musora-a-versendi-iskolaban\/cache\/DSC00705.JPG-nggid042536-ngg0dyn-91x68-00f0w010c011r110f110r010t010.JPG\"\/>\n                    <\/a>\n                <\/div>\n                <div class=\"ngg-description\">\n                    <p><\/p>\n                                            <p class=\"ngg-album-gallery-image-counter\"><strong>25<\/strong>&nbsp;F\u00e9nyk\u00e9p<\/p>\n                                    <\/div>\n            <\/div>\n        <\/div>\n            <div class=\"ngg-album\">\n            <div class=\"ngg-albumtitle\">\n                <a class='gallery_link' href='http:\/\/altisk-versend.edu.hu\/weboldal\/index.php\/nggallery\/2019-2020-as-tanev\/busojaras-a-versendi-iskolaban?page_id=3213'>Bus\u00f3j\u00e1r\u00e1s a Versendi Iskol\u00e1ban<\/a>\n            <\/div>\n            <div class=\"ngg-albumcontent\">\n                <div class=\"ngg-thumbnail\">\n                    <a class='gallery_link' href='http:\/\/altisk-versend.edu.hu\/weboldal\/index.php\/nggallery\/2019-2020-as-tanev\/busojaras-a-versendi-iskolaban?page_id=3213'>\n                        <img class=\"Thumb\"\n                             alt=\"Bus\u00f3j\u00e1r\u00e1s a Versendi Iskol\u00e1ban\"\n                             src=\"http:\/\/altisk-versend.edu.hu\/weboldal\/wp-content\/gallery\/busojaras-a-versendi-iskolaban\/cache\/DSC00678.JPG-nggid042511-ngg0dyn-91x68-00f0w010c011r110f110r010t010.JPG\"\/>\n                    <\/a>\n                <\/div>\n                <div class=\"ngg-description\">\n                    <p><\/p>\n                                            <p class=\"ngg-album-gallery-image-counter\"><strong>25<\/strong>&nbsp;F\u00e9nyk\u00e9p<\/p>\n                                    <\/div>\n            <\/div>\n        <\/div>\n            <div class=\"ngg-album\">\n            <div class=\"ngg-albumtitle\">\n                <a class='gallery_link' href='http:\/\/altisk-versend.edu.hu\/weboldal\/index.php\/nggallery\/2019-2020-as-tanev\/farsangi-bal-2020?page_id=3213'>Farsangi b\u00e1l 2020<\/a>\n            <\/div>\n            <div class=\"ngg-albumcontent\">\n                <div class=\"ngg-thumbnail\">\n                    <a class='gallery_link' href='http:\/\/altisk-versend.edu.hu\/weboldal\/index.php\/nggallery\/2019-2020-as-tanev\/farsangi-bal-2020?page_id=3213'>\n                        <img class=\"Thumb\"\n                             alt=\"Farsangi b\u00e1l 2020\"\n                             src=\"http:\/\/altisk-versend.edu.hu\/weboldal\/wp-content\/gallery\/farsangi-bal-2020\/cache\/DSC00640.JPG-nggid042476-ngg0dyn-91x68-00f0w010c011r110f110r010t010.JPG\"\/>\n                    <\/a>\n                <\/div>\n                <div class=\"ngg-description\">\n                    <p><\/p>\n                                            <p class=\"ngg-album-gallery-image-counter\"><strong>35<\/strong>&nbsp;F\u00e9nyk\u00e9p<\/p>\n                                    <\/div>\n            <\/div>\n        <\/div>\n            <div class=\"ngg-album\">\n            <div class=\"ngg-albumtitle\">\n                <a class='gallery_link' href='http:\/\/altisk-versend.edu.hu\/weboldal\/index.php\/nggallery\/2019-2020-as-tanev\/karacsonyi-unnepseg?page_id=3213'>Kar\u00e1csonyi \u00fcnneps\u00e9g<\/a>\n            <\/div>\n            <div class=\"ngg-albumcontent\">\n                <div class=\"ngg-thumbnail\">\n                    <a class='gallery_link' href='http:\/\/altisk-versend.edu.hu\/weboldal\/index.php\/nggallery\/2019-2020-as-tanev\/karacsonyi-unnepseg?page_id=3213'>\n                        <img class=\"Thumb\"\n                             alt=\"Kar\u00e1csonyi \u00fcnneps\u00e9g\"\n                             src=\"http:\/\/altisk-versend.edu.hu\/weboldal\/wp-content\/gallery\/karacsonyi-unnepseg\/cache\/DSC00623.JPG-nggid042465-ngg0dyn-91x68-00f0w010c011r110f110r010t010.JPG\"\/>\n                    <\/a>\n                <\/div>\n                <div class=\"ngg-description\">\n                    <p><\/p>\n                                            <p class=\"ngg-album-gallery-image-counter\"><strong>11<\/strong>&nbsp;F\u00e9nyk\u00e9p<\/p>\n                                    <\/div>\n            <\/div>\n        <\/div>\n            <div class=\"ngg-album\">\n            <div class=\"ngg-albumtitle\">\n                <a class='gallery_link' href='http:\/\/altisk-versend.edu.hu\/weboldal\/index.php\/nggallery\/2019-2020-as-tanev\/karacsonyi-tortenet-mehecske-babcsoport-eloadasa-2019-12-16?page_id=3213'>Kar\u00e1csonyi t\u00f6rt\u00e9net - M\u00e9hecske b\u00e1bcsoport el\u0151ad\u00e1sa - 2019.12.16<\/a>\n            <\/div>\n            <div class=\"ngg-albumcontent\">\n                <div class=\"ngg-thumbnail\">\n                    <a class='gallery_link' href='http:\/\/altisk-versend.edu.hu\/weboldal\/index.php\/nggallery\/2019-2020-as-tanev\/karacsonyi-tortenet-mehecske-babcsoport-eloadasa-2019-12-16?page_id=3213'>\n                        <img class=\"Thumb\"\n                             alt=\"Kar\u00e1csonyi t\u00f6rt\u00e9net - M\u00e9hecske b\u00e1bcsoport el\u0151ad\u00e1sa - 2019.12.16\"\n                             src=\"http:\/\/altisk-versend.edu.hu\/weboldal\/wp-content\/gallery\/karacsonyi-tortenet-mehecske-babcsoport-eloadasa-2019-12-16\/cache\/DSC00606.JPG-nggid042394-ngg0dyn-91x68-00f0w010c011r110f110r010t010.JPG\"\/>\n                    <\/a>\n                <\/div>\n                <div class=\"ngg-description\">\n                    <p><\/p>\n                                            <p class=\"ngg-album-gallery-image-counter\"><strong>17<\/strong>&nbsp;F\u00e9nyk\u00e9p<\/p>\n                                    <\/div>\n            <\/div>\n        <\/div>\n            <div class=\"ngg-album\">\n            <div class=\"ngg-albumtitle\">\n                <a class='gallery_link' href='http:\/\/altisk-versend.edu.hu\/weboldal\/index.php\/nggallery\/2019-2020-as-tanev\/mikulas-2019-12-06?page_id=3213'>Mikul\u00e1s - 2019.12.06<\/a>\n            <\/div>\n            <div class=\"ngg-albumcontent\">\n                <div class=\"ngg-thumbnail\">\n                    <a class='gallery_link' href='http:\/\/altisk-versend.edu.hu\/weboldal\/index.php\/nggallery\/2019-2020-as-tanev\/mikulas-2019-12-06?page_id=3213'>\n                        <img class=\"Thumb\"\n                             alt=\"Mikul\u00e1s - 2019.12.06\"\n                             src=\"http:\/\/altisk-versend.edu.hu\/weboldal\/wp-content\/gallery\/mikulas-2019-12-06\/cache\/DSC00538.JPG-nggid042411-ngg0dyn-91x68-00f0w010c011r110f110r010t010.JPG\"\/>\n                    <\/a>\n                <\/div>\n                <div class=\"ngg-description\">\n                    <p><\/p>\n                                            <p class=\"ngg-album-gallery-image-counter\"><strong>54<\/strong>&nbsp;F\u00e9nyk\u00e9p<\/p>\n                                    <\/div>\n            <\/div>\n        <\/div>\n            <div class=\"ngg-album\">\n            <div class=\"ngg-albumtitle\">\n                <a class='gallery_link' href='http:\/\/altisk-versend.edu.hu\/weboldal\/index.php\/nggallery\/2019-2020-as-tanev\/Okt\u00f3ber-23-i-\u00fcnneps\u00e9g?page_id=3213'>Okt\u00f3ber 23-i \u00fcnneps\u00e9g<\/a>\n            <\/div>\n            <div class=\"ngg-albumcontent\">\n                <div class=\"ngg-thumbnail\">\n                    <a class='gallery_link' href='http:\/\/altisk-versend.edu.hu\/weboldal\/index.php\/nggallery\/2019-2020-as-tanev\/Okt\u00f3ber-23-i-\u00fcnneps\u00e9g?page_id=3213'>\n                        <img class=\"Thumb\"\n                             alt=\"Okt\u00f3ber 23-i \u00fcnneps\u00e9g\"\n                             src=\"http:\/\/altisk-versend.edu.hu\/weboldal\/wp-content\/gallery\/oktober-23-i-unnepseg\/cache\/DSC00527.JPG-nggid042389-ngg0dyn-91x68-00f0w010c011r110f110r010t010.JPG\"\/>\n                    <\/a>\n                <\/div>\n                <div class=\"ngg-description\">\n                    <p><\/p>\n                                            <p class=\"ngg-album-gallery-image-counter\"><strong>5<\/strong>&nbsp;F\u00e9nyk\u00e9p<\/p>\n                                    <\/div>\n            <\/div>\n        <\/div>\n            <div class=\"ngg-album\">\n            <div class=\"ngg-albumtitle\">\n                <a class='gallery_link' href='http:\/\/altisk-versend.edu.hu\/weboldal\/index.php\/nggallery\/2019-2020-as-tanev\/Eur\u00f3pai-sportnap?page_id=3213'>Eur\u00f3pai sportnap<\/a>\n            <\/div>\n            <div class=\"ngg-albumcontent\">\n                <div class=\"ngg-thumbnail\">\n                    <a class='gallery_link' href='http:\/\/altisk-versend.edu.hu\/weboldal\/index.php\/nggallery\/2019-2020-as-tanev\/Eur\u00f3pai-sportnap?page_id=3213'>\n                        <img class=\"Thumb\"\n                             alt=\"Eur\u00f3pai sportnap\"\n                             src=\"http:\/\/altisk-versend.edu.hu\/weboldal\/wp-content\/gallery\/europai-sportnap\/cache\/DSC00522.JPG-nggid042384-ngg0dyn-91x68-00f0w010c011r110f110r010t010.JPG\"\/>\n                    <\/a>\n                <\/div>\n                <div class=\"ngg-description\">\n                    <p><\/p>\n                                            <p class=\"ngg-album-gallery-image-counter\"><strong>5<\/strong>&nbsp;F\u00e9nyk\u00e9p<\/p>\n                                    <\/div>\n            <\/div>\n        <\/div>\n            <div class=\"ngg-album\">\n            <div class=\"ngg-albumtitle\">\n                <a class='gallery_link' href='http:\/\/altisk-versend.edu.hu\/weboldal\/index.php\/nggallery\/2019-2020-as-tanev\/Tan\u00e9vnyit\u00f3-\u00fcnneps\u00e9g?page_id=3213'>Tan\u00e9vnyit\u00f3 \u00fcnneps\u00e9g<\/a>\n            <\/div>\n            <div class=\"ngg-albumcontent\">\n                <div class=\"ngg-thumbnail\">\n                    <a class='gallery_link' href='http:\/\/altisk-versend.edu.hu\/weboldal\/index.php\/nggallery\/2019-2020-as-tanev\/Tan\u00e9vnyit\u00f3-\u00fcnneps\u00e9g?page_id=3213'>\n                        <img class=\"Thumb\"\n                             alt=\"Tan\u00e9vnyit\u00f3 \u00fcnneps\u00e9g\"\n                             src=\"http:\/\/altisk-versend.edu.hu\/weboldal\/wp-content\/gallery\/tanevnyito-unnepseg\/cache\/DSC00505.JPG-nggid042372-ngg0dyn-91x68-00f0w010c011r110f110r010t010.JPG\"\/>\n                    <\/a>\n                <\/div>\n                <div class=\"ngg-description\">\n                    <p><\/p>\n                                            <p class=\"ngg-album-gallery-image-counter\"><strong>12<\/strong>&nbsp;F\u00e9nyk\u00e9p<\/p>\n                                    <\/div>\n            <\/div>\n        <\/div>\n        <div class='ngg-clear'><\/div><\/div>\n\n","protected":false},"excerpt":{"rendered":"","protected":false},"author":1,"featured_media":0,"parent":0,"menu_order":0,"comment_status":"closed","ping_status":"closed","template":"","meta":{"ngg_post_thumbnail":0},"_links":{"self":[{"href":"http:\/\/altisk-versend.edu.hu\/weboldal\/index.php?rest_route=\/wp\/v2\/pages\/3213"}],"collection":[{"href":"http:\/\/altisk-versend.edu.hu\/weboldal\/index.php?rest_route=\/wp\/v2\/pages"}],"about":[{"href":"http:\/\/altisk-versend.edu.hu\/weboldal\/index.php?rest_route=\/wp\/v2\/types\/page"}],"author":[{"embeddable":true,"href":"http:\/\/altisk-versend.edu.hu\/weboldal\/index.php?rest_route=\/wp\/v2\/users\/1"}],"replies":[{"embeddable":true,"href":"http:\/\/altisk-versend.edu.hu\/weboldal\/index.php?rest_route=%2Fwp%2Fv2%2Fcomments&post=3213"}],"version-history":[{"count":1,"href":"http:\/\/altisk-versend.edu.hu\/weboldal\/index.php?rest_route=\/wp\/v2\/pages\/3213\/revisions"}],"predecessor-version":[{"id":3214,"href":"http:\/\/altisk-versend.edu.hu\/weboldal\/index.php?rest_route=\/wp\/v2\/pages\/3213\/revisions\/3214"}],"wp:attachment":[{"href":"http:\/\/altisk-versend.edu.hu\/weboldal\/index.php?rest_route=%2Fwp%2Fv2%2Fmedia&parent=3213"}],"curies":[{"name":"wp","href":"https:\/\/api.w.org\/{rel}","templated":true}]}}