{"id":2389,"date":"2019-02-13T09:29:28","date_gmt":"2019-02-13T08:29:28","guid":{"rendered":"http:\/\/altisk-versend.sulinet.hu\/weboldal\/?page_id=2389"},"modified":"2019-02-13T09:29:28","modified_gmt":"2019-02-13T08:29:28","slug":"videok","status":"publish","type":"page","link":"http:\/\/altisk-versend.edu.hu\/weboldal\/?page_id=2389","title":{"rendered":"Vide\u00f3k"},"content":{"rendered":"\n<div id=\"my_video_gallery_wrapper_2\" class=\"clearfix gallery-video-content\"\r\n     data-gallery-video-id=\"2\" data-gallery-video-perpage=\"5\">\r\n\t<div id=\"my_video_gallery_2\"\r\n\t     class=\"clearfix my_video_gallery view-justified\">\r\n\t\t<input type=\"hidden\" id=\"total\" value=\"1\"\/>\r\n\t\t\t\t\t\t<a class=\"vyoutube huge_it_videogallery_item group2\"\r\n\t\t\t\t   href=\"\/\/www.youtube.com\/embed\/1IFoWHiuTtM\"\r\n                   data-description=\"\"\r\n                   title=\"Versendi \u00c1ltal\u00e1nos Iskola 2023 M\u00e1rcius 15.\" data-id=\"14\">\r\n\t\t\t\t\t<img src=\"\/\/img.youtube.com\/vi\/1IFoWHiuTtM\/mqdefault.jpg\"\r\n\t\t\t\t\t     alt=\"Versendi \u00c1ltal\u00e1nos Iskola 2023 M\u00e1rcius 15.\"\/>\r\n\t\t\t\t\t<div class=\"play-icon youtube-icon\"><\/div>\r\n\t\t\t\t<\/a>\r\n\t\t\t\t<input type=\"hidden\" class=\"pagenum\" value=\"1\"\/>\r\n\t\t\t\t\t\t\t<a class=\"vyoutube huge_it_videogallery_item group2\"\r\n\t\t\t\t   href=\"\/\/www.youtube.com\/embed\/OaN0FHSu0rs\"\r\n                   data-description=\"\"\r\n                   title=\"Versendi \u00c1ltal\u00e1nos Iskola 2022 M\u00e1rcius 15.\" data-id=\"13\">\r\n\t\t\t\t\t<img src=\"\/\/img.youtube.com\/vi\/OaN0FHSu0rs\/mqdefault.jpg\"\r\n\t\t\t\t\t     alt=\"Versendi \u00c1ltal\u00e1nos Iskola 2022 M\u00e1rcius 15.\"\/>\r\n\t\t\t\t\t<div class=\"play-icon youtube-icon\"><\/div>\r\n\t\t\t\t<\/a>\r\n\t\t\t\t<input type=\"hidden\" class=\"pagenum\" value=\"1\"\/>\r\n\t\t\t\t\t\t\t<a class=\"vyoutube huge_it_videogallery_item group2\"\r\n\t\t\t\t   href=\"\/\/www.youtube.com\/embed\/MBqm8GS1sEk\"\r\n                   data-description=\"\"\r\n                   title=\"Versendi \u00c1ltal\u00e1nos Iskola kar\u00e1csonya 2021\" data-id=\"12\">\r\n\t\t\t\t\t<img src=\"\/\/img.youtube.com\/vi\/MBqm8GS1sEk\/mqdefault.jpg\"\r\n\t\t\t\t\t     alt=\"Versendi \u00c1ltal\u00e1nos Iskola kar\u00e1csonya 2021\"\/>\r\n\t\t\t\t\t<div class=\"play-icon youtube-icon\"><\/div>\r\n\t\t\t\t<\/a>\r\n\t\t\t\t<input type=\"hidden\" class=\"pagenum\" value=\"1\"\/>\r\n\t\t\t\t\t\t\t<a class=\"vyoutube huge_it_videogallery_item group2\"\r\n\t\t\t\t   href=\"\/\/www.youtube.com\/embed\/-6dbT82EhGc\"\r\n                   data-description=\"\"\r\n                   title=\"Versendi \u00c1ltal\u00e1nos Iskola 2019 Farsang Tan\u00e1rok T\u00e1nca\" data-id=\"11\">\r\n\t\t\t\t\t<img src=\"\/\/img.youtube.com\/vi\/-6dbT82EhGc\/mqdefault.jpg\"\r\n\t\t\t\t\t     alt=\"Versendi \u00c1ltal\u00e1nos Iskola 2019 Farsang Tan\u00e1rok T\u00e1nca\"\/>\r\n\t\t\t\t\t<div class=\"play-icon youtube-icon\"><\/div>\r\n\t\t\t\t<\/a>\r\n\t\t\t\t<input type=\"hidden\" class=\"pagenum\" value=\"1\"\/>\r\n\t\t\t\t\t\t\t<a class=\"vyoutube huge_it_videogallery_item group2\"\r\n\t\t\t\t   href=\"\/\/www.youtube.com\/embed\/hd7a45wAlbs\"\r\n                   data-description=\"\"\r\n                   title=\"Versendi \u00c1ltal\u00e1nos Iskola 2019 Farsangi nyit\u00f3t\u00e1nc\" data-id=\"10\">\r\n\t\t\t\t\t<img src=\"\/\/img.youtube.com\/vi\/hd7a45wAlbs\/mqdefault.jpg\"\r\n\t\t\t\t\t     alt=\"Versendi \u00c1ltal\u00e1nos Iskola 2019 Farsangi nyit\u00f3t\u00e1nc\"\/>\r\n\t\t\t\t\t<div class=\"play-icon youtube-icon\"><\/div>\r\n\t\t\t\t<\/a>\r\n\t\t\t\t<input type=\"hidden\" class=\"pagenum\" value=\"1\"\/>\r\n\t\t\t\t<\/div>\r\n\t<\/div><style>\r\n.justified-gallery {\r\n\twidth: 100%;\r\n\tposition: relative;\r\n\toverflow: hidden;\r\n}\r\n.justified-gallery > a,\r\n.justified-gallery > div {\r\n\tposition: absolute;\r\n\tdisplay: inline-block;\r\n\topacity: 0;\r\n\toverflow:hidden;\r\n\tfilter: alpha(opacity=0);\r\n\t\/* IE8 or Earlier *\/\r\n}\r\n.justified-gallery > a > img,\r\n.justified-gallery > div > img {\r\n\tposition: absolute;\r\n\ttop: 50%;\r\n\tleft: 50%;\r\n\tpadding: 0;\r\n}\r\n.justified-gallery > a > .caption,\r\n.justified-gallery > div > .caption {\r\n\twidth: 100%;\r\n\tdisplay: none;\r\n\tposition: absolute;\r\n\tbottom: 0;\r\n\tpadding: 5px;\r\n\tleft: 0;\r\n\tright: 0;\r\n\tmargin: 0;\r\n\tcolor: #3AD6FC;\r\n\tfont-size: 13px;\r\n\tfont-weight: 300;\r\n\tfont-family: sans-serif;\r\n\tbackground:rgba(255,28,28,0.9)  !important;\r\n\r\n\toverflow: hidden;\r\n\ttext-overflow: ellipsis;\r\n\twhite-space:nowrap;\r\n}\r\n.justified-gallery > a > .caption.caption-visible,\r\n.justified-gallery > div > .caption.caption-visible {\r\n\tdisplay: initial;\r\n\topacity: 0.7;\r\n\tfilter: \"alpha(opacity=70)\";\r\n\t\/* IE8 or Earlier *\/\r\n\t-webkit-animation: justified-gallery-show-caption-animation 500ms 0 ease;\r\n\t-moz-animation: justified-gallery-show-caption-animation 500ms 0 ease;\r\n\t-ms-animation: justified-gallery-show-caption-animation 500ms 0 ease;\r\n}\r\n.justified-gallery > .entry-visible {\r\n\topacity: 1.0;\r\n\tfilter: alpha(opacity=100);\r\n\t\/* IE8 or Earlier *\/\r\n\t-webkit-animation: justified-gallery-show-entry-animation 300ms 0 ease;\r\n\t-moz-animation: justified-gallery-show-entry-animation 300ms 0 ease;\r\n\t-ms-animation: justified-gallery-show-entry-animation 300ms 0 ease;\r\n\tborder: none !important;\r\n}\r\n.justified-gallery > .spinner {\r\n\tposition: absolute;\r\n\tbottom: 0;\r\n\tmargin-left: -24px;\r\n\tpadding: 10px 0 10px 0;\r\n\tleft: 50%;\r\n\topacity: initial;\r\n\tfilter: initial;\r\n\toverflow: initial;\r\n}\r\n.justified-gallery > .spinner > span {\r\n\tdisplay: inline-block;\r\n\topacity: 0;\r\n\tfilter: alpha(opacity=0);\r\n\t\/* IE8 or Earlier *\/\r\n\twidth: 8px;\r\n\theight: 8px;\r\n\tmargin: 0 4px 0 4px;\r\n\tbackground-color: #000;\r\n\tborder-top-left-radius: 6px;\r\n\tborder-top-right-radius: 6px;\r\n\tborder-bottom-right-radius: 6px;\r\n\tborder-bottom-left-radius: 6px;\r\n}\r\n.load_more2 {\r\n\tmargin: 10px 0;\r\n\tposition:relative;\r\n\ttext-align:center;\r\n\twidth:100%;\r\n}\r\n\r\n.load_more_button2 {\r\n\tborder-radius: 10px;\r\n\tdisplay:inline-block;\r\n\tpadding:5px 15px;\r\n\tfont-size:14px !important;;\r\n\tcolor:#FF1C1C !important;;\r\n\tbackground:#26A6FC !important;\r\n\tcursor:pointer;\r\n\r\n}\r\n.load_more_button2:hover{\r\n\tcolor:#FF4242 !important;\r\n\tbackground:#0FEFFF !important;\r\n}\r\n\r\n.loading2 {\r\n\tdisplay:none;\r\n}\r\n.paginate2{\r\n\tfont-size:18px !important;\r\n\tcolor:#26A6FC !important;\r\n\ttext-align: center;\r\n\tmargin-top: 25px;\r\n}\r\n.paginate2 a{\r\n\tborder-bottom: none !important;\r\n\tbox-shadow: none !important;\r\n}\r\n.icon-style2{\r\n\tfont-size: 18px !important;\r\n\tcolor:#26A6FC !important;\r\n}\r\n.clear{\r\n\tclear:both;\r\n}\r\n.play-icon {\r\n\tposition:absolute;\r\n\ttop:0;\r\n\tleft:0;\r\n\twidth:100%;\r\n\theight:100%;\r\n}\r\n\r\n.play-icon.youtube-icon {background:url(http:\/\/altisk-versend.edu.hu\/weboldal\/wp-content\/plugins\/gallery-video\/assets\/images\/admin_images\/play.youtube.png) center center no-repeat;background-size:20%;}\r\n.play-icon.vimeo-icon {background:url(http:\/\/altisk-versend.edu.hu\/weboldal\/wp-content\/plugins\/gallery-video\/assets\/images\/admin_images\/play.vimeo.png) center center no-repeat;background-size:20%;}\r\n\r\n<\/style>\n\n\n","protected":false},"excerpt":{"rendered":"","protected":false},"author":1,"featured_media":0,"parent":0,"menu_order":0,"comment_status":"closed","ping_status":"closed","template":"","meta":{"ngg_post_thumbnail":0},"_links":{"self":[{"href":"http:\/\/altisk-versend.edu.hu\/weboldal\/index.php?rest_route=\/wp\/v2\/pages\/2389"}],"collection":[{"href":"http:\/\/altisk-versend.edu.hu\/weboldal\/index.php?rest_route=\/wp\/v2\/pages"}],"about":[{"href":"http:\/\/altisk-versend.edu.hu\/weboldal\/index.php?rest_route=\/wp\/v2\/types\/page"}],"author":[{"embeddable":true,"href":"http:\/\/altisk-versend.edu.hu\/weboldal\/index.php?rest_route=\/wp\/v2\/users\/1"}],"replies":[{"embeddable":true,"href":"http:\/\/altisk-versend.edu.hu\/weboldal\/index.php?rest_route=%2Fwp%2Fv2%2Fcomments&post=2389"}],"version-history":[{"count":2,"href":"http:\/\/altisk-versend.edu.hu\/weboldal\/index.php?rest_route=\/wp\/v2\/pages\/2389\/revisions"}],"predecessor-version":[{"id":2391,"href":"http:\/\/altisk-versend.edu.hu\/weboldal\/index.php?rest_route=\/wp\/v2\/pages\/2389\/revisions\/2391"}],"wp:attachment":[{"href":"http:\/\/altisk-versend.edu.hu\/weboldal\/index.php?rest_route=%2Fwp%2Fv2%2Fmedia&parent=2389"}],"curies":[{"name":"wp","href":"https:\/\/api.w.org\/{rel}","templated":true}]}}