{"id":11,"date":"2017-05-10T06:55:26","date_gmt":"2017-05-10T06:55:26","guid":{"rendered":"http:\/\/altisk-versend.sulinet.hu\/weboldal\/?page_id=11"},"modified":"2025-08-28T11:26:53","modified_gmt":"2025-08-28T09:26:53","slug":"osztalyok","status":"publish","type":"page","link":"http:\/\/altisk-versend.edu.hu\/weboldal\/?page_id=11","title":{"rendered":"Munkat\u00e1rsak"},"content":{"rendered":"\n<table class=\" aligncenter\" style=\"background: #40a0ff; border: 10px double #333333; height: 1322px; color: white; border-collapse: collapse; width: 100%;\">\n<tbody>\n<tr style=\"height: 31px;\">\n<th style=\"border: 1px solid #333333; width: 98.08%; height: 31px; text-align: center; vertical-align: middle;\" colspan=\"4\">MUNKAT\u00c1RSAK<\/th>\n<\/tr>\n<tr style=\"height: 31px;\">\n<th style=\"border: 1px solid #333333; width: 17.76%; height: 31px; text-align: center; vertical-align: middle;\">Nevel\u0151k<\/th>\n<th style=\"border: 1px solid #333333; width: 25.51%; height: 31px; text-align: center; vertical-align: middle;\">Beoszt\u00e1s<\/th>\n<th style=\"border: 1px solid #333333; width: 26.65%; height: 31px; text-align: center; vertical-align: middle;\">Tant\u00e1rgy\/Feladat<\/th>\n<th style=\"border: 1px solid #333333; width: 28.16%; height: 31px; text-align: center; vertical-align: middle;\">Fogad\u00f3\u00f3ra<\/th>\n<\/tr>\n<tr style=\"height: 60px;\">\n<td style=\"border: 1px solid #333333; width: 17.76%; height: 60px; text-align: center; vertical-align: middle;\"><span style=\"color: #000000;\">P\u00e1l Ott\u00f3<\/span><\/td>\n<td style=\"border: 1px solid #333333; width: 25.51%; height: 60px; text-align: center; vertical-align: middle;\"><span style=\"color: #000000;\">igazgat\u00f3<\/span><\/td>\n<td style=\"border: 1px solid #333333; width: 26.65%; height: 60px; text-align: center; vertical-align: middle;\"><span style=\"color: #000000;\">testnevel\u00e9s, iskolai sportk\u00f6r<\/span><\/td>\n<td style=\"border: 1px solid #333333; width: 28.16%; height: 60px; text-align: center; vertical-align: middle;\"><span style=\"color: #000000;\">H\u00e9tf\u0151 09:00-09:45<\/span><\/td>\n<\/tr>\n<tr style=\"height: 183px;\">\n<td style=\"border: 1px solid #333333; width: 17.76%; text-align: center; vertical-align: middle; height: 20px;\"><span style=\"color: #000000;\">Vilm\u00e1nyi Tiborn\u00e9<\/span><\/td>\n<td style=\"border: 1px solid #333333; width: 25.51%; text-align: center; vertical-align: middle; height: 20px;\">\n<p><span style=\"color: #000000;\">igazgat\u00f3helyettes<\/span><\/p>\n<\/td>\n<td style=\"border: 1px solid #333333; width: 26.65%; text-align: center; vertical-align: middle; height: 20px;\"><span style=\"color: #000000;\">matematika<\/span><\/td>\n<td style=\"border: 1px solid #333333; width: 28.16%; text-align: center; vertical-align: middle; height: 20px;\"><span style=\"color: #000000;\">Kedd 09:00-09:45&nbsp;<\/span><\/td>\n<\/tr>\n<tr style=\"height: 23px;\">\n<td style=\"border: 1px solid #333333; width: 17.76%; text-align: center; vertical-align: middle; height: 23px;\"><span style=\"color: #000000;\">Farkas Tam\u00e1s<br><\/span><\/td>\n<td style=\"border: 1px solid #333333; width: 25.51%; text-align: center; vertical-align: middle; height: 23px;\"><span style=\"color: #000000;\">&nbsp;<\/span><\/td>\n<td style=\"border: 1px solid #333333; width: 26.65%; text-align: center; vertical-align: middle; height: 23px;\"><span style=\"color: #000000;\">&nbsp;<\/span><\/td>\n<td style=\"border: 1px solid #333333; width: 28.16%; text-align: center; vertical-align: middle; height: 23px;\"><span style=\"color: #000000;\">&nbsp;<\/span><\/td>\n<\/tr>\n<tr style=\"height: 70px;\">\n<td style=\"border: 1px solid #333333; width: 17.76%; text-align: center; vertical-align: middle; height: 70px;\"><span style=\"color: #000000;\">Ferencz \u00c9va<br><\/span><\/td>\n<td style=\"border: 1px solid #333333; width: 25.51%; text-align: center; vertical-align: middle; height: 70px;\"><span style=\"color: #000000;\">fels\u0151s munkak\u00f6z\u00f6ss\u00e9g vezet\u0151, oszt\u00e1lyf\u0151n\u00f6k<\/span><\/td>\n<td style=\"border: 1px solid #333333; width: 26.65%; text-align: center; vertical-align: middle; height: 70px;\"><span style=\"color: #000000;\">biol\u00f3gia, f\u00f6ldrajz, term\u00e9szettudom\u00e1ny, napk\u00f6zi<\/span><\/td>\n<td style=\"border: 1px solid #333333; width: 28.16%; text-align: center; vertical-align: middle; height: 70px;\"><span style=\"color: #000000;\">Cs\u00fct\u00f6rt\u00f6k 10:55-11:40<\/span><\/td>\n<\/tr>\n<tr style=\"height: 60px;\">\n<td style=\"border: 1px solid #333333; width: 17.76%; height: 60px; text-align: center; vertical-align: middle;\"><span style=\"color: #000000;\">F\u00f6gler Enik\u0151<\/span><\/td>\n<td style=\"border: 1px solid #333333; width: 25.51%; height: 60px; text-align: center; vertical-align: middle;\">&nbsp;<\/td>\n<td style=\"border: 1px solid #333333; width: 26.65%; height: 60px; text-align: center; vertical-align: middle;\"><span style=\"color: #000000;\">n\u00e9met, napk\u00f6zi<\/span><\/td>\n<td style=\"border: 1px solid #333333; width: 28.16%; height: 60px; text-align: center; vertical-align: middle; white-space: nowrap;\"><span style=\"color: #000000;\">H\u00e9tf\u0151 11:50-12:35<\/span><\/td>\n<\/tr>\n<tr style=\"height: 60px;\">\n<td style=\"border: 1px solid #333333; width: 17.76%; height: 60px; text-align: center; vertical-align: middle;\"><span style=\"color: #000000;\">Hetyei Csaba <br><\/span><\/td>\n<td style=\"border: 1px solid #333333; width: 25.51%; text-align: center; vertical-align: middle; height: 60px;\">&nbsp;<\/td>\n<td style=\"border: 1px solid #333333; width: 26.65%; text-align: center; vertical-align: middle; height: 60px;\"><span style=\"color: #000000;\">\u00e9nek-zene&nbsp;<\/span><\/td>\n<td style=\"border: 1px solid #333333; width: 28.16%; text-align: center; vertical-align: middle; white-space: nowrap; height: 60px;\"><span style=\"color: #000000;\">&nbsp;<\/span><\/td>\n<\/tr>\n<tr style=\"height: 60px;\">\n<td style=\"border: 1px solid #333333; width: 17.76%; height: 60px; text-align: center; vertical-align: middle;\"><span style=\"color: #000000;\">Ker\u00e9nyi Ildik\u00f3<\/span><\/td>\n<td style=\"border: 1px solid #333333; width: 25.51%; height: 60px; text-align: center; vertical-align: middle;\">&nbsp;<\/td>\n<td style=\"border: 1px solid #333333; width: 26.65%; height: 60px; text-align: center; vertical-align: middle;\"><span style=\"color: #000000;\">tan\u00edt\u00f3<\/span><\/td>\n<td style=\"border: 1px solid #333333; width: 28.16%; height: 60px; text-align: center; vertical-align: middle;\"><span style=\"color: #000000;\">H\u00e9tf\u0151 10:00-10:45<\/span><\/td>\n<\/tr>\n<tr style=\"height: 60px;\">\n<td style=\"border: 1px solid #333333; width: 17.76%; height: 60px; text-align: center; vertical-align: middle;\"><span style=\"color: #000000;\">Kocsis Csilla<\/span><\/td>\n<td style=\"border: 1px solid #333333; width: 25.51%; height: 60px; text-align: center; vertical-align: middle;\"><span style=\"color: #000000;\">oszt\u00e1lyf\u0151n\u00f6k, gy\u00f3gypedag\u00f3gus<\/span><\/td>\n<td style=\"border: 1px solid #333333; width: 26.65%; height: 60px; text-align: center; vertical-align: middle;\"><span style=\"color: #000000;\">fejleszt\u00e9s, matematika<\/span><\/td>\n<td style=\"border: 1px solid #333333; width: 28.16%; height: 60px; text-align: center; vertical-align: middle;\"><span style=\"color: #000000;\">H\u00e9tf\u0151 13:30-14:15<\/span><\/td>\n<\/tr>\n<tr style=\"height: 146px;\">\n<td style=\"border: 1px solid #333333; width: 17.76%; height: 74px; text-align: center; vertical-align: middle;\"><span style=\"color: #000000;\">N\u00e9meth Annam\u00e1ria<\/span><\/td>\n<td style=\"border: 1px solid #333333; width: 25.51%; height: 74px; text-align: center; vertical-align: middle;\"><span style=\"color: #000000;\">oszt\u00e1lyf\u0151n\u00f6k<\/span><\/td>\n<td style=\"border: 1px solid #333333; width: 26.65%; height: 74px; text-align: center; vertical-align: middle;\"><span style=\"color: #000000;\">t\u00f6rt\u00e9nelem, k\u00e9mia, fizika, hon \u00e9s n\u00e9pismeret, rajz szakk\u00f6r, rajz<\/span><\/td>\n<td style=\"border: 1px solid #333333; width: 28.16%; height: 74px; text-align: center; vertical-align: middle;\"><span style=\"color: #000000;\">Kedd 10:00-10:45<\/span><\/td>\n<\/tr>\n<tr style=\"height: 60px;\">\n<td style=\"border: 1px solid #333333; width: 17.76%; height: 60px; text-align: center; vertical-align: middle;\"><span style=\"color: #000000;\">Oszl\u00e1r P\u00e9ter<\/span><\/td>\n<td style=\"border: 1px solid #333333; width: 25.51%; height: 60px; text-align: center; vertical-align: middle;\"><span style=\"color: #000000;\">oszt\u00e1lyf\u0151n\u00f6k<\/span><\/td>\n<td style=\"border: 1px solid #333333; width: 26.65%; height: 60px; text-align: center; vertical-align: middle;\"><span style=\"color: #000000;\">testnevel\u00e9s, sportk\u00f6r<\/span><\/td>\n<td style=\"border: 1px solid #333333; width: 28.16%; height: 60px; text-align: center; vertical-align: middle;\"><span style=\"color: #000000;\">Kedd 10:00-10:45<\/span><\/td>\n<\/tr>\n<tr style=\"height: 118px;\">\n<td style=\"border: 1px solid #333333; width: 17.76%; height: 57px; text-align: center; vertical-align: middle;\"><span style=\"color: #000000;\">Sabj\u00e1n Erika<\/span><\/td>\n<td style=\"border: 1px solid #333333; width: 25.51%; height: 57px; text-align: center; vertical-align: middle;\"><span style=\"color: #000000;\">oszt\u00e1lyf\u0151n\u00f6k<\/span><\/td>\n<td style=\"border: 1px solid #333333; width: 26.65%; height: 57px; text-align: center; vertical-align: middle;\"><span style=\"color: #000000;\">tan\u00edt\u00f3<\/span><\/td>\n<td style=\"border: 1px solid #333333; width: 28.16%; height: 57px; text-align: center; vertical-align: middle;\"><span style=\"color: #000000;\">Cs\u00fct\u00f6rt\u00f6k 10:55-11:40<\/span><\/td>\n<\/tr>\n<tr style=\"height: 60px;\">\n<td style=\"border: 1px solid #333333; width: 17.76%; height: 60px; text-align: center; vertical-align: middle;\"><span style=\"color: #000000;\">Schleicher Eszter<\/span><\/td>\n<td style=\"border: 1px solid #333333; width: 25.51%; height: 60px; text-align: center; vertical-align: middle;\"><span style=\"color: #000000;\">oszt\u00e1lyf\u0151n\u00f6k, k\u00f6nyvt\u00e1ros, D\u00d6K seg\u00edt\u0151 nevel\u0151<\/span><\/td>\n<td style=\"border: 1px solid #333333; width: 26.65%; height: 60px; text-align: center; vertical-align: middle;\"><span style=\"color: #000000;\">tan\u00edt\u00f3, informatika, n\u00e9met<\/span><\/td>\n<td style=\"border: 1px solid #333333; width: 28.16%; height: 60px; text-align: center; vertical-align: middle;\"><span style=\"color: #000000;\">H\u00e9tf\u0151 12:45-13:30<\/span><\/td>\n<\/tr>\n<tr style=\"height: 89px;\">\n<td style=\"border: 1px solid #333333; width: 17.76%; height: 43px; text-align: center; vertical-align: middle;\"><span style=\"color: #000000;\">Staubn\u00e9 Tisza Nikoletta<\/span><\/td>\n<td style=\"border: 1px solid #333333; width: 25.51%; height: 43px; text-align: center; vertical-align: middle;\">\n<p><span style=\"color: #000000;\">als\u00f3 tagozat munkak\u00f6z\u00f6ss\u00e9g vezet\u0151, <\/span><span style=\"color: #000000;\">oszt\u00e1lyf\u0151n\u00f6k,&nbsp;<\/span><\/p>\n<\/td>\n<td style=\"border: 1px solid #333333; width: 26.65%; height: 43px; text-align: center; vertical-align: middle;\"><span style=\"color: #000000;\">tan\u00edt\u00f3<\/span><\/td>\n<td style=\"border: 1px solid #333333; width: 28.16%; height: 43px; text-align: center; vertical-align: middle;\"><span style=\"color: #000000;\">H\u00e9tf\u0151 10:55-11:40<\/span><\/td>\n<\/tr>\n<tr style=\"height: 31px;\">\n<th style=\"border: 1px solid #333333; width: 98.08%; height: 31px; text-align: center; vertical-align: middle;\" colspan=\"4\">Nevel\u0151 munk\u00e1t seg\u00edt\u0151k<\/th>\n<\/tr>\n<tr style=\"height: 143px;\">\n<td style=\"border: 1px solid #333333; width: 17.76%; text-align: center; vertical-align: middle; height: 143px;\"><span style=\"color: #000000;\">Ruffn\u00e9 Szab\u00f3 \u00c9va<br><\/span><\/td>\n<td style=\"border: 1px solid #333333; width: 25.51%; text-align: center; vertical-align: middle; height: 143px;\"><span style=\"color: #000000;\">\u00d3vodai \u00e9s iskolai szoci\u00e1lis seg\u00edt\u0151<br><\/span><\/td>\n<td style=\"border: 1px solid #333333; width: 54.81%; text-align: center; vertical-align: middle; height: 143px;\" colspan=\"2\">\n<p><span style=\"color: #000000;\">Szerda 8:00-10:00, 12:00-14:30<\/span><\/p>\n<p><span style=\"color: #000000;\">P\u00e1ratlan h\u00e9ten kedd 13:00-15:30<\/span><\/p>\n<\/td>\n<\/tr>\n<tr style=\"height: 60px;\">\n<td style=\"border: 1px solid #333333; width: 17.76%; height: 60px; text-align: center; vertical-align: middle;\"><span style=\"color: #000000;\">Jagodics L\u00e1szl\u00f3<\/span><\/td>\n<td style=\"border: 1px solid #333333; width: 25.51%; height: 60px; text-align: center; vertical-align: middle;\"><span style=\"color: #000000;\">iskolatitk\u00e1r<\/span><\/td>\n<td style=\"border: 1px solid #333333; height: 60px; text-align: center; vertical-align: middle; width: 54.81%;\" colspan=\"2\"><span style=\"color: #000000;\">\u00dcgyf\u00e9lfogad\u00e1s: h\u00e9tf\u0151-p\u00e9ntek, 8:00-15:00<\/span><\/td>\n<\/tr>\n<tr style=\"height: 60px;\">\n<td style=\"border: 1px solid #333333; width: 17.76%; height: 60px; text-align: center; vertical-align: middle;\"><span style=\"color: #000000;\">Kerner Ferenc<\/span><\/td>\n<td style=\"border: 1px solid #333333; width: 25.51%; height: 60px; text-align: center; vertical-align: middle;\"><span style=\"color: #000000;\">rendszergazda<\/span><\/td>\n<td style=\"border: 1px solid #333333; width: 26.65%; height: 60px; text-align: center; vertical-align: middle;\">&nbsp;<\/td>\n<td style=\"border: 1px solid #333333; width: 28.16%; height: 60px; text-align: center; vertical-align: middle;\">&nbsp;<\/td>\n<\/tr>\n<tr style=\"height: 46px;\">\n<td style=\"border: 1px solid #333333; width: 17.76%; text-align: center; vertical-align: middle; height: 46px;\"><span style=\"color: #000000;\">K\u0151v\u00e1rin\u00e9 Gorjan\u00e1cz Dragica <\/span><\/td>\n<td style=\"border: 1px solid #333333; width: 25.51%; text-align: center; vertical-align: middle; height: 46px;\"><span style=\"color: #000000;\">pedag\u00f3giai asszisztens <\/span><\/td>\n<td style=\"border: 1px solid #333333; width: 26.65%; text-align: center; vertical-align: middle; height: 46px;\">&nbsp;<\/td>\n<td style=\"border: 1px solid #333333; width: 28.16%; text-align: center; vertical-align: middle; height: 46px;\">&nbsp;<\/td>\n<\/tr>\n<tr style=\"height: 23px;\">\n<td style=\"border: 1px solid #333333; width: 17.76%; text-align: center; vertical-align: middle; height: 23px;\"><span style=\"color: #000000;\">Weller Marianna <br><\/span><\/td>\n<td style=\"border: 1px solid #333333; width: 25.51%; text-align: center; vertical-align: middle; height: 23px;\"><span style=\"color: #000000;\">pedag\u00f3giai asszisztens <\/span><\/td>\n<td style=\"border: 1px solid #333333; width: 26.65%; text-align: center; vertical-align: middle; height: 23px;\">&nbsp;<\/td>\n<td style=\"border: 1px solid #333333; width: 28.16%; text-align: center; vertical-align: middle; height: 23px;\">&nbsp;<\/td>\n<\/tr>\n<tr style=\"height: 60px;\">\n<td style=\"border: 1px solid #333333; width: 17.76%; height: 60px; text-align: center; vertical-align: middle;\"><span style=\"color: #000000;\">Neubauer Zolt\u00e1n<\/span><\/td>\n<td style=\"border: 1px solid #333333; width: 25.51%; height: 60px; text-align: center; vertical-align: middle;\"><span style=\"color: #000000;\">karbantart\u00f3<\/span><\/td>\n<td style=\"border: 1px solid #333333; width: 26.65%; height: 60px; text-align: center; vertical-align: middle;\">&nbsp;<\/td>\n<td style=\"border: 1px solid #333333; width: 28.16%; height: 60px; text-align: center; vertical-align: middle;\">&nbsp;<\/td>\n<\/tr>\n<tr style=\"height: 65px;\">\n<td style=\"border: 1px solid #333333; width: 17.76%; height: 65px; text-align: center; vertical-align: middle;\"><span style=\"color: #000000;\">Bayern\u00e9 Kov\u00e1cs Katalin<\/span><\/td>\n<td style=\"border: 1px solid #333333; width: 25.51%; height: 65px; text-align: center; vertical-align: middle;\"><span style=\"color: #000000;\">takar\u00edt\u00f3<\/span><\/td>\n<td style=\"border: 1px solid #333333; width: 26.65%; height: 65px; text-align: center; vertical-align: middle;\">&nbsp;<\/td>\n<td style=\"border: 1px solid #333333; width: 28.16%; height: 65px; text-align: center; vertical-align: middle;\">&nbsp;<\/td>\n<\/tr>\n<tr style=\"height: 65px;\">\n<td style=\"border: 1px solid #333333; width: 17.76%; height: 65px; text-align: center; vertical-align: middle;\"><span style=\"color: #000000;\">Sallai J\u00e1nosn\u00e9<\/span><\/td>\n<td style=\"border: 1px solid #333333; width: 25.51%; height: 65px; text-align: center; vertical-align: middle;\"><span style=\"color: #000000;\">takar\u00edt\u00f3<\/span><\/td>\n<td style=\"border: 1px solid #333333; width: 26.65%; height: 65px; text-align: center; vertical-align: middle;\">&nbsp;<\/td>\n<td style=\"border: 1px solid #333333; width: 28.16%; height: 65px; text-align: center; vertical-align: middle;\">&nbsp;<\/td>\n<\/tr>\n<\/tbody>\n<\/table>\n<p>&nbsp;<\/p>\n","protected":false},"excerpt":{"rendered":"<p>MUNKAT\u00c1RSAK Nevel\u0151k Beoszt\u00e1s Tant\u00e1rgy\/Feladat Fogad\u00f3\u00f3ra P\u00e1l Ott\u00f3 igazgat\u00f3 testnevel\u00e9s, iskolai sportk\u00f6r H\u00e9tf\u0151 09:00-09:45 Vilm\u00e1nyi Tiborn\u00e9 igazgat\u00f3helyettes matematika Kedd 09:00-09:45&nbsp; Farkas Tam\u00e1s &nbsp; &nbsp; &nbsp; Ferencz \u00c9va fels\u0151s munkak\u00f6z\u00f6ss\u00e9g vezet\u0151, oszt\u00e1lyf\u0151n\u00f6k biol\u00f3gia, f\u00f6ldrajz, term\u00e9szettudom\u00e1ny, napk\u00f6zi Cs\u00fct\u00f6rt\u00f6k 10:55-11:40 F\u00f6gler Enik\u0151 &nbsp; n\u00e9met, napk\u00f6zi H\u00e9tf\u0151 11:50-12:35 Hetyei Csaba &nbsp; \u00e9nek-zene&nbsp; &nbsp; Ker\u00e9nyi Ildik\u00f3\u2026 <a class=\"continue-reading-link\" href=\"http:\/\/altisk-versend.edu.hu\/weboldal\/?page_id=11\"> Continue reading <span class=\"meta-nav\">&rarr; <\/span><\/a><\/p>\n","protected":false},"author":1,"featured_media":0,"parent":0,"menu_order":0,"comment_status":"closed","ping_status":"closed","template":"","meta":{"ngg_post_thumbnail":0},"_links":{"self":[{"href":"http:\/\/altisk-versend.edu.hu\/weboldal\/index.php?rest_route=\/wp\/v2\/pages\/11"}],"collection":[{"href":"http:\/\/altisk-versend.edu.hu\/weboldal\/index.php?rest_route=\/wp\/v2\/pages"}],"about":[{"href":"http:\/\/altisk-versend.edu.hu\/weboldal\/index.php?rest_route=\/wp\/v2\/types\/page"}],"author":[{"embeddable":true,"href":"http:\/\/altisk-versend.edu.hu\/weboldal\/index.php?rest_route=\/wp\/v2\/users\/1"}],"replies":[{"embeddable":true,"href":"http:\/\/altisk-versend.edu.hu\/weboldal\/index.php?rest_route=%2Fwp%2Fv2%2Fcomments&post=11"}],"version-history":[{"count":35,"href":"http:\/\/altisk-versend.edu.hu\/weboldal\/index.php?rest_route=\/wp\/v2\/pages\/11\/revisions"}],"predecessor-version":[{"id":7012,"href":"http:\/\/altisk-versend.edu.hu\/weboldal\/index.php?rest_route=\/wp\/v2\/pages\/11\/revisions\/7012"}],"wp:attachment":[{"href":"http:\/\/altisk-versend.edu.hu\/weboldal\/index.php?rest_route=%2Fwp%2Fv2%2Fmedia&parent=11"}],"curies":[{"name":"wp","href":"https:\/\/api.w.org\/{rel}","templated":true}]}}